{"id":12,"date":"2024-05-07T14:18:18","date_gmt":"2024-05-07T14:18:18","guid":{"rendered":"https:\/\/bautsrl.com\/?page_id=12"},"modified":"2024-08-06T19:42:25","modified_gmt":"2024-08-06T19:42:25","slug":"automation","status":"publish","type":"page","link":"https:\/\/bautsrl.com\/en\/automation\/","title":{"rendered":"Automation"},"content":{"rendered":"<div data-elementor-type=\"wp-page\" data-elementor-id=\"12\" class=\"elementor elementor-12\" data-elementor-post-type=\"page\">\n\t\t\t\t<div class=\"elementor-element elementor-element-cdcd2e9 e-flex e-con-boxed e-con e-parent\" data-id=\"cdcd2e9\" data-element_type=\"container\" data-e-type=\"container\" data-settings=\"{&quot;background_background&quot;:&quot;classic&quot;}\">\n\t\t\t\t\t<div class=\"e-con-inner\">\n\t\t\t\t<div class=\"elementor-element elementor-element-e0b490a elementor-widget elementor-widget-heading\" data-id=\"e0b490a\" data-element_type=\"widget\" data-e-type=\"widget\" data-widget_type=\"heading.default\">\n\t\t\t\t<div class=\"elementor-widget-container\">\n\t\t\t\t\t<h1 class=\"elementor-heading-title elementor-size-default\">Products: Automation<\/h1>\t\t\t\t<\/div>\n\t\t\t\t<\/div>\n\t\t\t\t<div class=\"elementor-element elementor-element-3cce3e2 elementor-icon-list--layout-inline elementor-align-start elementor-list-item-link-full_width elementor-widget elementor-widget-icon-list\" data-id=\"3cce3e2\" data-element_type=\"widget\" data-e-type=\"widget\" data-widget_type=\"icon-list.default\">\n\t\t\t\t<div class=\"elementor-widget-container\">\n\t\t\t\t\t\t\t<ul class=\"elementor-icon-list-items elementor-inline-items\">\n\t\t\t\t\t\t\t<li class=\"elementor-icon-list-item elementor-inline-item\">\n\t\t\t\t\t\t\t\t\t\t\t<a href=\"https:\/\/bautsrl.com\/en\">\n\n\t\t\t\t\t\t\t\t\t\t\t<span class=\"elementor-icon-list-text\">BAUT<\/span>\n\t\t\t\t\t\t\t\t\t\t\t<\/a>\n\t\t\t\t\t\t\t\t\t<\/li>\n\t\t\t\t\t\t\t\t<li class=\"elementor-icon-list-item elementor-inline-item\">\n\t\t\t\t\t\t\t\t\t\t\t<a href=\"https:\/\/bautsrl.com\/en\/products\/\">\n\n\t\t\t\t\t\t\t\t\t\t\t<span class=\"elementor-icon-list-text\">\/ Products<\/span>\n\t\t\t\t\t\t\t\t\t\t\t<\/a>\n\t\t\t\t\t\t\t\t\t<\/li>\n\t\t\t\t\t\t\t\t<li class=\"elementor-icon-list-item elementor-inline-item\">\n\t\t\t\t\t\t\t\t\t\t\t<a href=\"https:\/\/bautsrl.com\/en\/automation\/\">\n\n\t\t\t\t\t\t\t\t\t\t\t<span class=\"elementor-icon-list-text\">\/ Automation<\/span>\n\t\t\t\t\t\t\t\t\t\t\t<\/a>\n\t\t\t\t\t\t\t\t\t<\/li>\n\t\t\t\t\t\t<\/ul>\n\t\t\t\t\t\t<\/div>\n\t\t\t\t<\/div>\n\t\t\t\t\t<\/div>\n\t\t\t\t<\/div>\n\t\t<div class=\"elementor-element elementor-element-918e444 e-flex e-con-boxed e-con e-parent\" data-id=\"918e444\" data-element_type=\"container\" data-e-type=\"container\">\n\t\t\t\t\t<div class=\"e-con-inner\">\n\t\t\t\t<div class=\"elementor-element elementor-element-8bc922e elementor-widget elementor-widget-heading\" data-id=\"8bc922e\" data-element_type=\"widget\" data-e-type=\"widget\" data-widget_type=\"heading.default\">\n\t\t\t\t<div class=\"elementor-widget-container\">\n\t\t\t\t\t<h2 class=\"elementor-heading-title elementor-size-default\">HMI automation, control and visualization\n<\/h2>\t\t\t\t<\/div>\n\t\t\t\t<\/div>\n\t\t\t\t<div class=\"elementor-element elementor-element-a2d3129 elementor-widget elementor-widget-text-editor\" data-id=\"a2d3129\" data-element_type=\"widget\" data-e-type=\"widget\" data-widget_type=\"text-editor.default\">\n\t\t\t\t<div class=\"elementor-widget-container\">\n\t\t\t\t\t\t\t\t\t<p>We offer automation, control and HMI visualization equipment for small, medium and large applications. From micro-automation to high-demand and availability equipment, we have a wide portfolio of brands and equipment for all types of industrial needs.<\/p>\t\t\t\t\t\t\t\t<\/div>\n\t\t\t\t<\/div>\n\t\t\t\t\t<\/div>\n\t\t\t\t<\/div>\n\t\t<div class=\"elementor-element elementor-element-083ae73 e-flex e-con-boxed e-con e-parent\" data-id=\"083ae73\" data-element_type=\"container\" data-e-type=\"container\">\n\t\t\t\t\t<div class=\"e-con-inner\">\n\t\t<div class=\"elementor-element elementor-element-b41b03e e-con-full e-flex e-con e-child\" data-id=\"b41b03e\" data-element_type=\"container\" data-e-type=\"container\">\n\t\t\t\t<div class=\"elementor-element elementor-element-3215379 elementor-position-top elementor-widget elementor-widget-image-box\" data-id=\"3215379\" data-element_type=\"widget\" data-e-type=\"widget\" data-widget_type=\"image-box.default\">\n\t\t\t\t<div class=\"elementor-widget-container\">\n\t\t\t\t\t<div class=\"elementor-image-box-wrapper\"><figure class=\"elementor-image-box-img\"><img fetchpriority=\"high\" decoding=\"async\" width=\"680\" height=\"547\" src=\"https:\/\/bautsrl.com\/wp-content\/uploads\/2024\/07\/PLCs-1.png\" class=\"attachment-full size-full wp-image-1027\" alt=\"\" srcset=\"https:\/\/bautsrl.com\/wp-content\/uploads\/2024\/07\/PLCs-1.png 680w, https:\/\/bautsrl.com\/wp-content\/uploads\/2024\/07\/PLCs-1-300x241.png 300w, https:\/\/bautsrl.com\/wp-content\/uploads\/2024\/07\/PLCs-1-15x12.png 15w\" sizes=\"(max-width: 680px) 100vw, 680px\" \/><\/figure><div class=\"elementor-image-box-content\"><h3 class=\"elementor-image-box-title\">Programmable Logic Controllers - PLC<\/h3><p class=\"elementor-image-box-description\">CPU and PLC Modules. Microautomation.<br>\nDiscrete automation.<\/p><\/div><\/div>\t\t\t\t<\/div>\n\t\t\t\t<\/div>\n\t\t\t\t<\/div>\n\t\t<div class=\"elementor-element elementor-element-4ea5cd8 e-con-full e-flex e-con e-child\" data-id=\"4ea5cd8\" data-element_type=\"container\" data-e-type=\"container\">\n\t\t\t\t<div class=\"elementor-element elementor-element-f3026d9 elementor-position-top elementor-widget elementor-widget-image-box\" data-id=\"f3026d9\" data-element_type=\"widget\" data-e-type=\"widget\" data-widget_type=\"image-box.default\">\n\t\t\t\t<div class=\"elementor-widget-container\">\n\t\t\t\t\t<div class=\"elementor-image-box-wrapper\"><figure class=\"elementor-image-box-img\"><img decoding=\"async\" src=\"https:\/\/bautsrl.com\/wp-content\/uploads\/elementor\/thumbs\/PCS7-r973vootsq68aoqq51tlgo42ywo2eyiph3z3v9nbku.png\" title=\"PCS7\" alt=\"PCS7\" loading=\"lazy\" \/><\/figure><div class=\"elementor-image-box-content\"><h3 class=\"elementor-image-box-title\">Process control systems<br><\/h3><p class=\"elementor-image-box-description\"><br>\nDistributed control systems<br>\nBATCH processes<br>\n\nHigh availability process control systems<\/p><\/div><\/div>\t\t\t\t<\/div>\n\t\t\t\t<\/div>\n\t\t\t\t<\/div>\n\t\t<div class=\"elementor-element elementor-element-8ca6dd2 e-con-full e-flex e-con e-child\" data-id=\"8ca6dd2\" data-element_type=\"container\" data-e-type=\"container\">\n\t\t\t\t<div class=\"elementor-element elementor-element-2ff2753 elementor-position-top elementor-widget elementor-widget-image-box\" data-id=\"2ff2753\" data-element_type=\"widget\" data-e-type=\"widget\" data-widget_type=\"image-box.default\">\n\t\t\t\t<div class=\"elementor-widget-container\">\n\t\t\t\t\t<div class=\"elementor-image-box-wrapper\"><figure class=\"elementor-image-box-img\"><img decoding=\"async\" src=\"https:\/\/bautsrl.com\/wp-content\/uploads\/elementor\/thumbs\/HMI-r973vootsq68aoqq51tlgo42ywo2eyiph3z3v9nbku.png\" title=\"HMI\" alt=\"HMI\" loading=\"lazy\" \/><\/figure><div class=\"elementor-image-box-content\"><h3 class=\"elementor-image-box-title\">Visualization, operation, HMI and SCADA<\/h3><p class=\"elementor-image-box-description\">Command operation panels<br>\n\nindustrial PCs<br>\n\nSCADA Supervision, control and data acquisition systems<\/p><\/div><\/div>\t\t\t\t<\/div>\n\t\t\t\t<\/div>\n\t\t\t\t<\/div>\n\t\t\t\t\t<\/div>\n\t\t\t\t<\/div>\n\t\t<div class=\"elementor-element elementor-element-3b5ae08 e-flex e-con-boxed e-con e-parent\" data-id=\"3b5ae08\" data-element_type=\"container\" data-e-type=\"container\">\n\t\t\t\t\t<div class=\"e-con-inner\">\n\t\t\t\t<div class=\"elementor-element elementor-element-a1015e4 elementor-widget elementor-widget-heading\" data-id=\"a1015e4\" data-element_type=\"widget\" data-e-type=\"widget\" data-widget_type=\"heading.default\">\n\t\t\t\t<div class=\"elementor-widget-container\">\n\t\t\t\t\t<h2 class=\"elementor-heading-title elementor-size-default\">Brands we work with<\/h2>\t\t\t\t<\/div>\n\t\t\t\t<\/div>\n\t\t\t\t<div class=\"elementor-element elementor-element-59b90ea elementor-arrows-position-inside elementor-widget elementor-widget-image-carousel\" data-id=\"59b90ea\" data-element_type=\"widget\" data-e-type=\"widget\" data-settings=\"{&quot;slides_to_show&quot;:&quot;6&quot;,&quot;slides_to_show_tablet&quot;:&quot;5&quot;,&quot;slides_to_show_mobile&quot;:&quot;3&quot;,&quot;navigation&quot;:&quot;arrows&quot;,&quot;autoplay&quot;:&quot;yes&quot;,&quot;pause_on_hover&quot;:&quot;yes&quot;,&quot;pause_on_interaction&quot;:&quot;yes&quot;,&quot;autoplay_speed&quot;:5000,&quot;infinite&quot;:&quot;yes&quot;,&quot;speed&quot;:500}\" data-widget_type=\"image-carousel.default\">\n\t\t\t\t<div class=\"elementor-widget-container\">\n\t\t\t\t\t\t\t<div class=\"elementor-image-carousel-wrapper swiper\" role=\"region\" aria-roledescription=\"carousel\" aria-label=\"Image Carousel\" dir=\"ltr\">\n\t\t\t<div class=\"elementor-image-carousel swiper-wrapper\" aria-live=\"off\">\n\t\t\t\t\t\t\t\t<div class=\"swiper-slide\" role=\"group\" aria-roledescription=\"slide\" aria-label=\"1 of 6\" data-no-translation-aria-label=\"\"><figure class=\"swiper-slide-inner\"><img decoding=\"async\" class=\"swiper-slide-image\" src=\"https:\/\/bautsrl.com\/wp-content\/uploads\/2024\/07\/siemens.jpg\" alt=\"siemens\" \/><\/figure><\/div><div class=\"swiper-slide\" role=\"group\" aria-roledescription=\"slide\" aria-label=\"2 of 6\" data-no-translation-aria-label=\"\"><figure class=\"swiper-slide-inner\"><img decoding=\"async\" class=\"swiper-slide-image\" src=\"https:\/\/bautsrl.com\/wp-content\/uploads\/2024\/07\/schneider.png\" alt=\"Schneider\" \/><\/figure><\/div><div class=\"swiper-slide\" role=\"group\" aria-roledescription=\"slide\" aria-label=\"3 of 6\" data-no-translation-aria-label=\"\"><figure class=\"swiper-slide-inner\"><img decoding=\"async\" class=\"swiper-slide-image\" src=\"https:\/\/bautsrl.com\/wp-content\/uploads\/2024\/07\/allen-bradley.png\" alt=\"allen bradley\" \/><\/figure><\/div><div class=\"swiper-slide\" role=\"group\" aria-roledescription=\"slide\" aria-label=\"4 of 6\" data-no-translation-aria-label=\"\"><figure class=\"swiper-slide-inner\"><img decoding=\"async\" class=\"swiper-slide-image\" src=\"https:\/\/bautsrl.com\/wp-content\/uploads\/2024\/07\/weintek.png\" alt=\"weintek\" \/><\/figure><\/div><div class=\"swiper-slide\" role=\"group\" aria-roledescription=\"slide\" aria-label=\"5 of 6\" data-no-translation-aria-label=\"\"><figure class=\"swiper-slide-inner\"><img decoding=\"async\" class=\"swiper-slide-image\" src=\"https:\/\/bautsrl.com\/wp-content\/uploads\/2024\/07\/delta.jpg\" alt=\"delta\" \/><\/figure><\/div><div class=\"swiper-slide\" role=\"group\" aria-roledescription=\"slide\" aria-label=\"6 of 6\" data-no-translation-aria-label=\"\"><figure class=\"swiper-slide-inner\"><img decoding=\"async\" class=\"swiper-slide-image\" src=\"https:\/\/bautsrl.com\/wp-content\/uploads\/2024\/07\/wonderware.png\" alt=\"wonderware\" \/><\/figure><\/div>\t\t\t<\/div>\n\t\t\t\t\t\t\t\t\t\t\t\t<div class=\"elementor-swiper-button elementor-swiper-button-prev\" role=\"button\" tabindex=\"0\">\n\t\t\t\t\t\t<svg aria-hidden=\"true\" class=\"e-font-icon-svg e-eicon-chevron-left\" viewbox=\"0 0 1000 1000\" xmlns=\"http:\/\/www.w3.org\/2000\/svg\"><path d=\"M646 125C629 125 613 133 604 142L308 442C296 454 292 471 292 487 292 504 296 521 308 533L604 854C617 867 629 875 646 875 663 875 679 871 692 858 704 846 713 829 713 812 713 796 708 779 692 767L438 487 692 225C700 217 708 204 708 187 708 171 704 154 692 142 675 129 663 125 646 125Z\"><\/path><\/svg>\t\t\t\t\t<\/div>\n\t\t\t\t\t<div class=\"elementor-swiper-button elementor-swiper-button-next\" role=\"button\" tabindex=\"0\">\n\t\t\t\t\t\t<svg aria-hidden=\"true\" class=\"e-font-icon-svg e-eicon-chevron-right\" viewbox=\"0 0 1000 1000\" xmlns=\"http:\/\/www.w3.org\/2000\/svg\"><path d=\"M696 533C708 521 713 504 713 487 713 471 708 454 696 446L400 146C388 133 375 125 354 125 338 125 325 129 313 142 300 154 292 171 292 187 292 204 296 221 308 233L563 492 304 771C292 783 288 800 288 817 288 833 296 850 308 863 321 871 338 875 354 875 371 875 388 867 400 854L696 533Z\"><\/path><\/svg>\t\t\t\t\t<\/div>\n\t\t\t\t\n\t\t\t\t\t\t\t\t\t<\/div>\n\t\t\t\t\t\t<\/div>\n\t\t\t\t<\/div>\n\t\t\t\t\t<\/div>\n\t\t\t\t<\/div>\n\t\t<div class=\"elementor-element elementor-element-7bf2ca50 e-con-full e-flex e-con e-parent\" data-id=\"7bf2ca50\" data-element_type=\"container\" data-e-type=\"container\">\n\t\t<div class=\"elementor-element elementor-element-7a986bb0 e-con-full e-flex e-con e-child\" data-id=\"7a986bb0\" data-element_type=\"container\" data-e-type=\"container\" data-settings=\"{&quot;background_background&quot;:&quot;classic&quot;}\">\n\t\t\t\t<div class=\"elementor-element elementor-element-685bcf06 elementor-align-center elementor-widget elementor-widget-button\" data-id=\"685bcf06\" data-element_type=\"widget\" data-e-type=\"widget\" data-widget_type=\"button.default\">\n\t\t\t\t<div class=\"elementor-widget-container\">\n\t\t\t\t\t\t\t\t\t<div class=\"elementor-button-wrapper\">\n\t\t\t\t\t<a class=\"elementor-button elementor-button-link elementor-size-sm\" href=\"https:\/\/bautsrl.com\/en\/contact\/\">\n\t\t\t\t\t\t<span class=\"elementor-button-content-wrapper\">\n\t\t\t\t\t\t\t\t\t<span class=\"elementor-button-text\">Request your quote now!<\/span>\n\t\t\t\t\t<\/span>\n\t\t\t\t\t<\/a>\n\t\t\t\t<\/div>\n\t\t\t\t\t\t\t\t<\/div>\n\t\t\t\t<\/div>\n\t\t\t\t<div class=\"elementor-element elementor-element-5271aa72 elementor-align-center elementor-widget elementor-widget-button\" data-id=\"5271aa72\" data-element_type=\"widget\" data-e-type=\"widget\" data-widget_type=\"button.default\">\n\t\t\t\t<div class=\"elementor-widget-container\">\n\t\t\t\t\t\t\t\t\t<div class=\"elementor-button-wrapper\">\n\t\t\t\t\t<a class=\"elementor-button elementor-button-link elementor-size-sm\" href=\"https:\/\/bautsrl.com\/en\/products\/\">\n\t\t\t\t\t\t<span class=\"elementor-button-content-wrapper\">\n\t\t\t\t\t\t\t\t\t<span class=\"elementor-button-text\">Return to products<\/span>\n\t\t\t\t\t<\/span>\n\t\t\t\t\t<\/a>\n\t\t\t\t<\/div>\n\t\t\t\t\t\t\t\t<\/div>\n\t\t\t\t<\/div>\n\t\t\t\t<\/div>\n\t\t\t\t<\/div>\n\t\t\t\t<\/div>","protected":false},"excerpt":{"rendered":"<p>BAUT \/ Productos \/ Automatizacion Automatizaci\u00f3n, control y visualizaci\u00f3n HMI Ofrecemos equipamiento de automatizaci\u00f3n, control y visualizaci\u00f3n HMI para peque\u00f1as, medianas y grandes aplicaciones. Desde micro-automatizaci\u00f3n hasta equipamiento de alta exigencia y disponibilidad, poseemos un amplio portafolio de marcas y equipos para todo tipo de necesidades industriales. Controladores L\u00f3gicos Programables &#8211; PLC CPU y M\u00f3dulos [&hellip;]<\/p>\n","protected":false},"author":1,"featured_media":0,"parent":0,"menu_order":0,"comment_status":"closed","ping_status":"closed","template":"","meta":{"footnotes":""},"class_list":["post-12","page","type-page","status-publish","hentry"],"yoast_head":"<!-- This site is optimized with the Yoast SEO plugin v27.2 - https:\/\/yoast.com\/product\/yoast-seo-wordpress\/ -->\n<title>Automatizacion - Baut Building + Automation<\/title>\n<meta name=\"robots\" content=\"index, follow, max-snippet:-1, max-image-preview:large, max-video-preview:-1\" \/>\n<link rel=\"canonical\" href=\"https:\/\/bautsrl.com\/en\/automation\/\" \/>\n<meta property=\"og:locale\" content=\"en_US\" \/>\n<meta property=\"og:type\" content=\"article\" \/>\n<meta property=\"og:title\" content=\"Automatizacion - Baut Building + Automation\" \/>\n<meta property=\"og:description\" content=\"BAUT \/ Productos \/ Automatizacion Automatizaci\u00f3n, control y visualizaci\u00f3n HMI Ofrecemos equipamiento de automatizaci\u00f3n, control y visualizaci\u00f3n HMI para peque\u00f1as, medianas y grandes aplicaciones. Desde micro-automatizaci\u00f3n hasta equipamiento de alta exigencia y disponibilidad, poseemos un amplio portafolio de marcas y equipos para todo tipo de necesidades industriales. Controladores L\u00f3gicos Programables &#8211; PLC CPU y M\u00f3dulos [&hellip;]\" \/>\n<meta property=\"og:url\" content=\"https:\/\/bautsrl.com\/en\/automation\/\" \/>\n<meta property=\"og:site_name\" content=\"Baut Building + Automation\" \/>\n<meta property=\"article:publisher\" content=\"https:\/\/www.facebook.com\/bautsrl\" \/>\n<meta property=\"article:modified_time\" content=\"2024-08-06T19:42:25+00:00\" \/>\n<meta property=\"og:image\" content=\"https:\/\/bautsrl.com\/wp-content\/uploads\/2024\/07\/PLCs-1.png\" \/>\n<meta name=\"twitter:card\" content=\"summary_large_image\" \/>\n<meta name=\"twitter:label1\" content=\"Est. reading time\" \/>\n\t<meta name=\"twitter:data1\" content=\"1 minute\" \/>\n<script type=\"application\/ld+json\" class=\"yoast-schema-graph\">{\"@context\":\"https:\/\/schema.org\",\"@graph\":[{\"@type\":\"WebPage\",\"@id\":\"https:\/\/bautsrl.com\/automatizacion\/\",\"url\":\"https:\/\/bautsrl.com\/automatizacion\/\",\"name\":\"Automatizacion - Baut Building + Automation\",\"isPartOf\":{\"@id\":\"https:\/\/bautsrl.com\/#website\"},\"primaryImageOfPage\":{\"@id\":\"https:\/\/bautsrl.com\/automatizacion\/#primaryimage\"},\"image\":{\"@id\":\"https:\/\/bautsrl.com\/automatizacion\/#primaryimage\"},\"thumbnailUrl\":\"https:\/\/bautsrl.com\/wp-content\/uploads\/2024\/07\/PLCs-1.png\",\"datePublished\":\"2024-05-07T14:18:18+00:00\",\"dateModified\":\"2024-08-06T19:42:25+00:00\",\"breadcrumb\":{\"@id\":\"https:\/\/bautsrl.com\/automatizacion\/#breadcrumb\"},\"inLanguage\":\"en-US\",\"potentialAction\":[{\"@type\":\"ReadAction\",\"target\":[\"https:\/\/bautsrl.com\/automatizacion\/\"]}]},{\"@type\":\"ImageObject\",\"inLanguage\":\"en-US\",\"@id\":\"https:\/\/bautsrl.com\/automatizacion\/#primaryimage\",\"url\":\"https:\/\/bautsrl.com\/wp-content\/uploads\/2024\/07\/PLCs-1.png\",\"contentUrl\":\"https:\/\/bautsrl.com\/wp-content\/uploads\/2024\/07\/PLCs-1.png\"},{\"@type\":\"BreadcrumbList\",\"@id\":\"https:\/\/bautsrl.com\/automatizacion\/#breadcrumb\",\"itemListElement\":[{\"@type\":\"ListItem\",\"position\":1,\"name\":\"Portada\",\"item\":\"https:\/\/bautsrl.com\/es\/\"},{\"@type\":\"ListItem\",\"position\":2,\"name\":\"Automatizacion\"}]},{\"@type\":\"WebSite\",\"@id\":\"https:\/\/bautsrl.com\/#website\",\"url\":\"https:\/\/bautsrl.com\/\",\"name\":\"Baut\",\"description\":\"Building &amp; Automation\",\"publisher\":{\"@id\":\"https:\/\/bautsrl.com\/#organization\"},\"potentialAction\":[{\"@type\":\"SearchAction\",\"target\":{\"@type\":\"EntryPoint\",\"urlTemplate\":\"https:\/\/bautsrl.com\/?s={search_term_string}\"},\"query-input\":{\"@type\":\"PropertyValueSpecification\",\"valueRequired\":true,\"valueName\":\"search_term_string\"}}],\"inLanguage\":\"en-US\"},{\"@type\":\"Organization\",\"@id\":\"https:\/\/bautsrl.com\/#organization\",\"name\":\"BAUT S.R.L.\",\"url\":\"https:\/\/bautsrl.com\/\",\"logo\":{\"@type\":\"ImageObject\",\"inLanguage\":\"en-US\",\"@id\":\"https:\/\/bautsrl.com\/#\/schema\/logo\/image\/\",\"url\":\"https:\/\/bautsrl.com\/wp-content\/uploads\/2024\/05\/artefinalbautrgb.png\",\"contentUrl\":\"https:\/\/bautsrl.com\/wp-content\/uploads\/2024\/05\/artefinalbautrgb.png\",\"width\":8192,\"height\":5301,\"caption\":\"BAUT S.R.L.\"},\"image\":{\"@id\":\"https:\/\/bautsrl.com\/#\/schema\/logo\/image\/\"},\"sameAs\":[\"https:\/\/www.facebook.com\/bautsrl\",\"https:\/\/www.instagram.com\/baut_srl\/\"]}]}<\/script>\n<!-- \/ Yoast SEO plugin. -->","yoast_head_json":{"title":"Automation - Baut Building + Automation","robots":{"index":"index","follow":"follow","max-snippet":"max-snippet:-1","max-image-preview":"max-image-preview:large","max-video-preview":"max-video-preview:-1"},"canonical":"https:\/\/bautsrl.com\/en\/automation\/","og_locale":"en_US","og_type":"article","og_title":"Automatizacion - Baut Building + Automation","og_description":"BAUT \/ Productos \/ Automatizacion Automatizaci\u00f3n, control y visualizaci\u00f3n HMI Ofrecemos equipamiento de automatizaci\u00f3n, control y visualizaci\u00f3n HMI para peque\u00f1as, medianas y grandes aplicaciones. Desde micro-automatizaci\u00f3n hasta equipamiento de alta exigencia y disponibilidad, poseemos un amplio portafolio de marcas y equipos para todo tipo de necesidades industriales. Controladores L\u00f3gicos Programables &#8211; PLC CPU y M\u00f3dulos [&hellip;]","og_url":"https:\/\/bautsrl.com\/en\/automation\/","og_site_name":"Baut Building + Automation","article_publisher":"https:\/\/www.facebook.com\/bautsrl","article_modified_time":"2024-08-06T19:42:25+00:00","og_image":[{"url":"https:\/\/bautsrl.com\/wp-content\/uploads\/2024\/07\/PLCs-1.png","type":"","width":"","height":""}],"twitter_card":"summary_large_image","twitter_misc":{"Est. reading time":"1 minute"},"schema":{"@context":"https:\/\/schema.org","@graph":[{"@type":"WebPage","@id":"https:\/\/bautsrl.com\/automatizacion\/","url":"https:\/\/bautsrl.com\/automatizacion\/","name":"Automation - Baut Building + Automation","isPartOf":{"@id":"https:\/\/bautsrl.com\/#website"},"primaryImageOfPage":{"@id":"https:\/\/bautsrl.com\/automatizacion\/#primaryimage"},"image":{"@id":"https:\/\/bautsrl.com\/automatizacion\/#primaryimage"},"thumbnailUrl":"https:\/\/bautsrl.com\/wp-content\/uploads\/2024\/07\/PLCs-1.png","datePublished":"2024-05-07T14:18:18+00:00","dateModified":"2024-08-06T19:42:25+00:00","breadcrumb":{"@id":"https:\/\/bautsrl.com\/automatizacion\/#breadcrumb"},"inLanguage":"en-US","potentialAction":[{"@type":"ReadAction","target":["https:\/\/bautsrl.com\/automatizacion\/"]}]},{"@type":"ImageObject","inLanguage":"en-US","@id":"https:\/\/bautsrl.com\/automatizacion\/#primaryimage","url":"https:\/\/bautsrl.com\/wp-content\/uploads\/2024\/07\/PLCs-1.png","contentUrl":"https:\/\/bautsrl.com\/wp-content\/uploads\/2024\/07\/PLCs-1.png"},{"@type":"BreadcrumbList","@id":"https:\/\/bautsrl.com\/automatizacion\/#breadcrumb","itemListElement":[{"@type":"ListItem","position":1,"name":"Portada","item":"https:\/\/bautsrl.com\/es\/"},{"@type":"ListItem","position":2,"name":"Automatizacion"}]},{"@type":"WebSite","@id":"https:\/\/bautsrl.com\/#website","url":"https:\/\/bautsrl.com\/","name":"Baut","description":"Building &amp; Automation","publisher":{"@id":"https:\/\/bautsrl.com\/#organization"},"potentialAction":[{"@type":"SearchAction","target":{"@type":"EntryPoint","urlTemplate":"https:\/\/bautsrl.com\/?s={search_term_string}"},"query-input":{"@type":"PropertyValueSpecification","valueRequired":true,"valueName":"search_term_string"}}],"inLanguage":"en-US"},{"@type":"Organization","@id":"https:\/\/bautsrl.com\/#organization","name":"BAUT SRL","url":"https:\/\/bautsrl.com\/","logo":{"@type":"ImageObject","inLanguage":"en-US","@id":"https:\/\/bautsrl.com\/#\/schema\/logo\/image\/","url":"https:\/\/bautsrl.com\/wp-content\/uploads\/2024\/05\/artefinalbautrgb.png","contentUrl":"https:\/\/bautsrl.com\/wp-content\/uploads\/2024\/05\/artefinalbautrgb.png","width":8192,"height":5301,"caption":"BAUT S.R.L."},"image":{"@id":"https:\/\/bautsrl.com\/#\/schema\/logo\/image\/"},"sameAs":["https:\/\/www.facebook.com\/bautsrl","https:\/\/www.instagram.com\/baut_srl\/"]}]}},"_links":{"self":[{"href":"https:\/\/bautsrl.com\/en\/wp-json\/wp\/v2\/pages\/12","targetHints":{"allow":["GET"]}}],"collection":[{"href":"https:\/\/bautsrl.com\/en\/wp-json\/wp\/v2\/pages"}],"about":[{"href":"https:\/\/bautsrl.com\/en\/wp-json\/wp\/v2\/types\/page"}],"author":[{"embeddable":true,"href":"https:\/\/bautsrl.com\/en\/wp-json\/wp\/v2\/users\/1"}],"replies":[{"embeddable":true,"href":"https:\/\/bautsrl.com\/en\/wp-json\/wp\/v2\/comments?post=12"}],"version-history":[{"count":61,"href":"https:\/\/bautsrl.com\/en\/wp-json\/wp\/v2\/pages\/12\/revisions"}],"predecessor-version":[{"id":1366,"href":"https:\/\/bautsrl.com\/en\/wp-json\/wp\/v2\/pages\/12\/revisions\/1366"}],"wp:attachment":[{"href":"https:\/\/bautsrl.com\/en\/wp-json\/wp\/v2\/media?parent=12"}],"curies":[{"name":"wp","href":"https:\/\/api.w.org\/{rel}","templated":true}]}}