{"id":15,"date":"2024-05-07T14:18:18","date_gmt":"2024-05-07T14:18:18","guid":{"rendered":"https:\/\/bautsrl.com\/?page_id=15"},"modified":"2024-07-13T18:53:21","modified_gmt":"2024-07-13T18:53:21","slug":"low-voltage","status":"publish","type":"page","link":"https:\/\/bautsrl.com\/en\/low-voltage\/","title":{"rendered":"Low voltage"},"content":{"rendered":"<div data-elementor-type=\"wp-page\" data-elementor-id=\"15\" class=\"elementor elementor-15\" data-elementor-post-type=\"page\">\n\t\t\t\t<div class=\"elementor-element elementor-element-6937e94e e-flex e-con-boxed e-con e-parent\" data-id=\"6937e94e\" data-element_type=\"container\" data-e-type=\"container\" data-settings=\"{&quot;background_background&quot;:&quot;classic&quot;}\">\n\t\t\t\t\t<div class=\"e-con-inner\">\n\t\t\t\t<div class=\"elementor-element elementor-element-6885c59d elementor-widget elementor-widget-heading\" data-id=\"6885c59d\" data-element_type=\"widget\" data-e-type=\"widget\" data-widget_type=\"heading.default\">\n\t\t\t\t<div class=\"elementor-widget-container\">\n\t\t\t\t\t<h1 class=\"elementor-heading-title elementor-size-default\">Products: Low Voltage<\/h1>\t\t\t\t<\/div>\n\t\t\t\t<\/div>\n\t\t\t\t<div class=\"elementor-element elementor-element-1f6432d elementor-icon-list--layout-inline elementor-align-start elementor-list-item-link-full_width elementor-widget elementor-widget-icon-list\" data-id=\"1f6432d\" data-element_type=\"widget\" data-e-type=\"widget\" data-widget_type=\"icon-list.default\">\n\t\t\t\t<div class=\"elementor-widget-container\">\n\t\t\t\t\t\t\t<ul class=\"elementor-icon-list-items elementor-inline-items\">\n\t\t\t\t\t\t\t<li class=\"elementor-icon-list-item elementor-inline-item\">\n\t\t\t\t\t\t\t\t\t\t\t<a href=\"https:\/\/bautsrl.com\/en\">\n\n\t\t\t\t\t\t\t\t\t\t\t<span class=\"elementor-icon-list-text\">BAUT<\/span>\n\t\t\t\t\t\t\t\t\t\t\t<\/a>\n\t\t\t\t\t\t\t\t\t<\/li>\n\t\t\t\t\t\t\t\t<li class=\"elementor-icon-list-item elementor-inline-item\">\n\t\t\t\t\t\t\t\t\t\t\t<a href=\"https:\/\/bautsrl.com\/en\/products\/\">\n\n\t\t\t\t\t\t\t\t\t\t\t<span class=\"elementor-icon-list-text\">\/ Products<\/span>\n\t\t\t\t\t\t\t\t\t\t\t<\/a>\n\t\t\t\t\t\t\t\t\t<\/li>\n\t\t\t\t\t\t\t\t<li class=\"elementor-icon-list-item elementor-inline-item\">\n\t\t\t\t\t\t\t\t\t\t\t<a href=\"https:\/\/bautsrl.com\/en\/low-voltage\/\">\n\n\t\t\t\t\t\t\t\t\t\t\t<span class=\"elementor-icon-list-text\">\/ Low Voltage<\/span>\n\t\t\t\t\t\t\t\t\t\t\t<\/a>\n\t\t\t\t\t\t\t\t\t<\/li>\n\t\t\t\t\t\t<\/ul>\n\t\t\t\t\t\t<\/div>\n\t\t\t\t<\/div>\n\t\t\t\t\t<\/div>\n\t\t\t\t<\/div>\n\t\t<div class=\"elementor-element elementor-element-74a0256f e-flex e-con-boxed e-con e-parent\" data-id=\"74a0256f\" data-element_type=\"container\" data-e-type=\"container\">\n\t\t\t\t\t<div class=\"e-con-inner\">\n\t\t\t\t<div class=\"elementor-element elementor-element-2a9e31cf elementor-widget elementor-widget-heading\" data-id=\"2a9e31cf\" data-element_type=\"widget\" data-e-type=\"widget\" data-widget_type=\"heading.default\">\n\t\t\t\t<div class=\"elementor-widget-container\">\n\t\t\t\t\t<h2 class=\"elementor-heading-title elementor-size-default\">Low Voltage Elements\n<\/h2>\t\t\t\t<\/div>\n\t\t\t\t<\/div>\n\t\t\t\t<div class=\"elementor-element elementor-element-51a6f9ea elementor-widget elementor-widget-text-editor\" data-id=\"51a6f9ea\" data-element_type=\"widget\" data-e-type=\"widget\" data-widget_type=\"text-editor.default\">\n\t\t\t\t<div class=\"elementor-widget-container\">\n\t\t\t\t\t\t\t\t\t<p>We offer everything you need for economical, safe and reliable protection and maneuvers. Our equipment and the brands we sell are characterized by safety, comfort, robustness and industrial durability.<br>From small applications to large requirements we can provide you with the equipment according to your needs.<\/p>\t\t\t\t\t\t\t\t<\/div>\n\t\t\t\t<\/div>\n\t\t\t\t\t<\/div>\n\t\t\t\t<\/div>\n\t\t<div class=\"elementor-element elementor-element-5048f7a3 e-flex e-con-boxed e-con e-parent\" data-id=\"5048f7a3\" data-element_type=\"container\" data-e-type=\"container\">\n\t\t\t\t\t<div class=\"e-con-inner\">\n\t\t<div class=\"elementor-element elementor-element-28c91aae e-con-full e-flex e-con e-child\" data-id=\"28c91aae\" data-element_type=\"container\" data-e-type=\"container\">\n\t\t\t\t<div class=\"elementor-element elementor-element-2fa2005f elementor-position-top elementor-widget elementor-widget-image-box\" data-id=\"2fa2005f\" data-element_type=\"widget\" data-e-type=\"widget\" data-widget_type=\"image-box.default\">\n\t\t\t\t<div class=\"elementor-widget-container\">\n\t\t\t\t\t<div class=\"elementor-image-box-wrapper\"><figure class=\"elementor-image-box-img\"><img fetchpriority=\"high\" decoding=\"async\" width=\"680\" height=\"547\" src=\"https:\/\/bautsrl.com\/wp-content\/uploads\/2024\/07\/Siemens-LV.png\" class=\"attachment-full size-full wp-image-1095\" alt=\"\" srcset=\"https:\/\/bautsrl.com\/wp-content\/uploads\/2024\/07\/Siemens-LV.png 680w, https:\/\/bautsrl.com\/wp-content\/uploads\/2024\/07\/Siemens-LV-300x241.png 300w, https:\/\/bautsrl.com\/wp-content\/uploads\/2024\/07\/Siemens-LV-15x12.png 15w\" sizes=\"(max-width: 680px) 100vw, 680px\" \/><\/figure><div class=\"elementor-image-box-content\"><h3 class=\"elementor-image-box-title\">Maneuvering devices<\/h3><p class=\"elementor-image-box-description\"> <p>Motor protection devices up to 100 A, contactors up to 820 A<\/p>\n\n<p>Direct, inverter, star-delta starting devices and systems up to 820A<\/p>\n\n<p>Protection and control relays, timers, remote switches<\/p><\/p><\/div><\/div>\t\t\t\t<\/div>\n\t\t\t\t<\/div>\n\t\t\t\t<\/div>\n\t\t<div class=\"elementor-element elementor-element-6f83d027 e-con-full e-flex e-con e-child\" data-id=\"6f83d027\" data-element_type=\"container\" data-e-type=\"container\">\n\t\t\t\t<div class=\"elementor-element elementor-element-408973a2 elementor-position-top elementor-widget elementor-widget-image-box\" data-id=\"408973a2\" data-element_type=\"widget\" data-e-type=\"widget\" data-widget_type=\"image-box.default\">\n\t\t\t\t<div class=\"elementor-widget-container\">\n\t\t\t\t\t<div class=\"elementor-image-box-wrapper\"><figure class=\"elementor-image-box-img\"><img decoding=\"async\" width=\"680\" height=\"547\" src=\"https:\/\/bautsrl.com\/wp-content\/uploads\/2024\/07\/schneider-interruptores.png\" class=\"attachment-full size-full wp-image-1096\" alt=\"\" srcset=\"https:\/\/bautsrl.com\/wp-content\/uploads\/2024\/07\/schneider-interruptores.png 680w, https:\/\/bautsrl.com\/wp-content\/uploads\/2024\/07\/schneider-interruptores-300x241.png 300w, https:\/\/bautsrl.com\/wp-content\/uploads\/2024\/07\/schneider-interruptores-15x12.png 15w\" sizes=\"(max-width: 680px) 100vw, 680px\" \/><\/figure><div class=\"elementor-image-box-content\"><h3 class=\"elementor-image-box-title\">Switches - disconnectors<\/h3><p class=\"elementor-image-box-description\"><p>Thermal magnetic and differential switches, load disconnectors<br>\n<p>Compact switches up to 1600A<br>\n\n<p>Fixed or removable disconnector switches up to 6300A<\/p><\/div><\/div>\t\t\t\t<\/div>\n\t\t\t\t<\/div>\n\t\t\t\t<\/div>\n\t\t<div class=\"elementor-element elementor-element-4f79248a e-con-full e-flex e-con e-child\" data-id=\"4f79248a\" data-element_type=\"container\" data-e-type=\"container\">\n\t\t\t\t<div class=\"elementor-element elementor-element-1ccd2260 elementor-position-top elementor-widget elementor-widget-image-box\" data-id=\"1ccd2260\" data-element_type=\"widget\" data-e-type=\"widget\" data-widget_type=\"image-box.default\">\n\t\t\t\t<div class=\"elementor-widget-container\">\n\t\t\t\t\t<div class=\"elementor-image-box-wrapper\"><figure class=\"elementor-image-box-img\"><img decoding=\"async\" width=\"680\" height=\"547\" src=\"https:\/\/bautsrl.com\/wp-content\/uploads\/2024\/07\/Baja-Tension.png\" class=\"attachment-2048x2048 size-2048x2048 wp-image-1175\" alt=\"\" srcset=\"https:\/\/bautsrl.com\/wp-content\/uploads\/2024\/07\/Baja-Tension.png 680w, https:\/\/bautsrl.com\/wp-content\/uploads\/2024\/07\/Baja-Tension-300x241.png 300w, https:\/\/bautsrl.com\/wp-content\/uploads\/2024\/07\/Baja-Tension-15x12.png 15w\" sizes=\"(max-width: 680px) 100vw, 680px\" \/><\/figure><div class=\"elementor-image-box-content\"><h3 class=\"elementor-image-box-title\">Lighting, wiring and mounting<\/h3><p class=\"elementor-image-box-description\"><p>Indoor and outdoor lighting fixtures, public lighting and offices<\/p>\n\n<p>Power, control, IT and instrumentation cables and conductors.<\/p>\n\n<p>Push buttons, control elements and signalling <\/p><\/p><\/div><\/div>\t\t\t\t<\/div>\n\t\t\t\t<\/div>\n\t\t\t\t<\/div>\n\t\t\t\t\t<\/div>\n\t\t\t\t<\/div>\n\t\t<div class=\"elementor-element elementor-element-6195be1a e-con-full e-flex e-con e-parent\" data-id=\"6195be1a\" data-element_type=\"container\" data-e-type=\"container\">\n\t\t<div class=\"elementor-element elementor-element-667c6779 e-con-full e-flex e-con e-child\" data-id=\"667c6779\" data-element_type=\"container\" data-e-type=\"container\" data-settings=\"{&quot;background_background&quot;:&quot;classic&quot;}\">\n\t\t\t\t<div class=\"elementor-element elementor-element-5cee8739 elementor-align-center elementor-widget elementor-widget-button\" data-id=\"5cee8739\" data-element_type=\"widget\" data-e-type=\"widget\" data-widget_type=\"button.default\">\n\t\t\t\t<div class=\"elementor-widget-container\">\n\t\t\t\t\t\t\t\t\t<div class=\"elementor-button-wrapper\">\n\t\t\t\t\t<a class=\"elementor-button elementor-button-link elementor-size-sm\" href=\"https:\/\/bautsrl.com\/en\/contact\/\">\n\t\t\t\t\t\t<span class=\"elementor-button-content-wrapper\">\n\t\t\t\t\t\t\t\t\t<span class=\"elementor-button-text\">Request your quote now!<\/span>\n\t\t\t\t\t<\/span>\n\t\t\t\t\t<\/a>\n\t\t\t\t<\/div>\n\t\t\t\t\t\t\t\t<\/div>\n\t\t\t\t<\/div>\n\t\t\t\t<div class=\"elementor-element elementor-element-589c92ea elementor-align-center elementor-widget elementor-widget-button\" data-id=\"589c92ea\" data-element_type=\"widget\" data-e-type=\"widget\" data-widget_type=\"button.default\">\n\t\t\t\t<div class=\"elementor-widget-container\">\n\t\t\t\t\t\t\t\t\t<div class=\"elementor-button-wrapper\">\n\t\t\t\t\t<a class=\"elementor-button elementor-button-link elementor-size-sm\" href=\"https:\/\/bautsrl.com\/en\/products\/\">\n\t\t\t\t\t\t<span class=\"elementor-button-content-wrapper\">\n\t\t\t\t\t\t\t\t\t<span class=\"elementor-button-text\">Return to products<\/span>\n\t\t\t\t\t<\/span>\n\t\t\t\t\t<\/a>\n\t\t\t\t<\/div>\n\t\t\t\t\t\t\t\t<\/div>\n\t\t\t\t<\/div>\n\t\t\t\t<\/div>\n\t\t\t\t<\/div>\n\t\t\t\t<\/div>","protected":false},"excerpt":{"rendered":"<p>BAUT \/ Productos \/ Baja Tensi\u00f3n Elementos de Baja Tensi\u00f3n Ofrecemos todo lo necesario para una protecci\u00f3n y maniobras econ\u00f3micas, seguras y fiables. Nuestro equipamiento y las marcas que comercializamos se caracterizan por la seguridad, comodidad, robustez y durabilidad industrial.Desde peque\u00f1as aplicaciones hasta grandes requerimientos podemos proveerle el equipamiento de acuerdo a su necesidad. Aparatos [&hellip;]<\/p>\n","protected":false},"author":1,"featured_media":0,"parent":0,"menu_order":0,"comment_status":"closed","ping_status":"closed","template":"","meta":{"footnotes":""},"class_list":["post-15","page","type-page","status-publish","hentry"],"yoast_head":"<!-- This site is optimized with the Yoast SEO plugin v27.2 - https:\/\/yoast.com\/product\/yoast-seo-wordpress\/ -->\n<title>Baja Tensi\u00f3n - Baut Building + Automation<\/title>\n<meta name=\"robots\" content=\"index, follow, max-snippet:-1, max-image-preview:large, max-video-preview:-1\" \/>\n<link rel=\"canonical\" href=\"https:\/\/bautsrl.com\/en\/low-voltage\/\" \/>\n<meta property=\"og:locale\" content=\"en_US\" \/>\n<meta property=\"og:type\" content=\"article\" \/>\n<meta property=\"og:title\" content=\"Baja Tensi\u00f3n - Baut Building + Automation\" \/>\n<meta property=\"og:description\" content=\"BAUT \/ Productos \/ Baja Tensi\u00f3n Elementos de Baja Tensi\u00f3n Ofrecemos todo lo necesario para una protecci\u00f3n y maniobras econ\u00f3micas, seguras y fiables. Nuestro equipamiento y las marcas que comercializamos se caracterizan por la seguridad, comodidad, robustez y durabilidad industrial.Desde peque\u00f1as aplicaciones hasta grandes requerimientos podemos proveerle el equipamiento de acuerdo a su necesidad. Aparatos [&hellip;]\" \/>\n<meta property=\"og:url\" content=\"https:\/\/bautsrl.com\/en\/low-voltage\/\" \/>\n<meta property=\"og:site_name\" content=\"Baut Building + Automation\" \/>\n<meta property=\"article:publisher\" content=\"https:\/\/www.facebook.com\/bautsrl\" \/>\n<meta property=\"article:modified_time\" content=\"2024-07-13T18:53:21+00:00\" \/>\n<meta property=\"og:image\" content=\"https:\/\/bautsrl.com\/wp-content\/uploads\/2024\/07\/Siemens-LV.png\" \/>\n<meta name=\"twitter:card\" content=\"summary_large_image\" \/>\n<meta name=\"twitter:label1\" content=\"Est. reading time\" \/>\n\t<meta name=\"twitter:data1\" content=\"1 minute\" \/>\n<script type=\"application\/ld+json\" class=\"yoast-schema-graph\">{\"@context\":\"https:\/\/schema.org\",\"@graph\":[{\"@type\":\"WebPage\",\"@id\":\"https:\/\/bautsrl.com\/baja-tension\/\",\"url\":\"https:\/\/bautsrl.com\/baja-tension\/\",\"name\":\"Baja Tensi\u00f3n - Baut Building + Automation\",\"isPartOf\":{\"@id\":\"https:\/\/bautsrl.com\/#website\"},\"primaryImageOfPage\":{\"@id\":\"https:\/\/bautsrl.com\/baja-tension\/#primaryimage\"},\"image\":{\"@id\":\"https:\/\/bautsrl.com\/baja-tension\/#primaryimage\"},\"thumbnailUrl\":\"https:\/\/bautsrl.com\/wp-content\/uploads\/2024\/07\/Siemens-LV.png\",\"datePublished\":\"2024-05-07T14:18:18+00:00\",\"dateModified\":\"2024-07-13T18:53:21+00:00\",\"breadcrumb\":{\"@id\":\"https:\/\/bautsrl.com\/baja-tension\/#breadcrumb\"},\"inLanguage\":\"en-US\",\"potentialAction\":[{\"@type\":\"ReadAction\",\"target\":[\"https:\/\/bautsrl.com\/baja-tension\/\"]}]},{\"@type\":\"ImageObject\",\"inLanguage\":\"en-US\",\"@id\":\"https:\/\/bautsrl.com\/baja-tension\/#primaryimage\",\"url\":\"https:\/\/bautsrl.com\/wp-content\/uploads\/2024\/07\/Siemens-LV.png\",\"contentUrl\":\"https:\/\/bautsrl.com\/wp-content\/uploads\/2024\/07\/Siemens-LV.png\"},{\"@type\":\"BreadcrumbList\",\"@id\":\"https:\/\/bautsrl.com\/baja-tension\/#breadcrumb\",\"itemListElement\":[{\"@type\":\"ListItem\",\"position\":1,\"name\":\"Portada\",\"item\":\"https:\/\/bautsrl.com\/es\/\"},{\"@type\":\"ListItem\",\"position\":2,\"name\":\"Baja Tensi\u00f3n\"}]},{\"@type\":\"WebSite\",\"@id\":\"https:\/\/bautsrl.com\/#website\",\"url\":\"https:\/\/bautsrl.com\/\",\"name\":\"Baut\",\"description\":\"Building &amp; Automation\",\"publisher\":{\"@id\":\"https:\/\/bautsrl.com\/#organization\"},\"potentialAction\":[{\"@type\":\"SearchAction\",\"target\":{\"@type\":\"EntryPoint\",\"urlTemplate\":\"https:\/\/bautsrl.com\/?s={search_term_string}\"},\"query-input\":{\"@type\":\"PropertyValueSpecification\",\"valueRequired\":true,\"valueName\":\"search_term_string\"}}],\"inLanguage\":\"en-US\"},{\"@type\":\"Organization\",\"@id\":\"https:\/\/bautsrl.com\/#organization\",\"name\":\"BAUT S.R.L.\",\"url\":\"https:\/\/bautsrl.com\/\",\"logo\":{\"@type\":\"ImageObject\",\"inLanguage\":\"en-US\",\"@id\":\"https:\/\/bautsrl.com\/#\/schema\/logo\/image\/\",\"url\":\"https:\/\/bautsrl.com\/wp-content\/uploads\/2024\/05\/artefinalbautrgb.png\",\"contentUrl\":\"https:\/\/bautsrl.com\/wp-content\/uploads\/2024\/05\/artefinalbautrgb.png\",\"width\":8192,\"height\":5301,\"caption\":\"BAUT S.R.L.\"},\"image\":{\"@id\":\"https:\/\/bautsrl.com\/#\/schema\/logo\/image\/\"},\"sameAs\":[\"https:\/\/www.facebook.com\/bautsrl\",\"https:\/\/www.instagram.com\/baut_srl\/\"]}]}<\/script>\n<!-- \/ Yoast SEO plugin. -->","yoast_head_json":{"title":"Low Voltage - Baut Building + Automation","robots":{"index":"index","follow":"follow","max-snippet":"max-snippet:-1","max-image-preview":"max-image-preview:large","max-video-preview":"max-video-preview:-1"},"canonical":"https:\/\/bautsrl.com\/en\/low-voltage\/","og_locale":"en_US","og_type":"article","og_title":"Baja Tensi\u00f3n - Baut Building + Automation","og_description":"BAUT \/ Productos \/ Baja Tensi\u00f3n Elementos de Baja Tensi\u00f3n Ofrecemos todo lo necesario para una protecci\u00f3n y maniobras econ\u00f3micas, seguras y fiables. Nuestro equipamiento y las marcas que comercializamos se caracterizan por la seguridad, comodidad, robustez y durabilidad industrial.Desde peque\u00f1as aplicaciones hasta grandes requerimientos podemos proveerle el equipamiento de acuerdo a su necesidad. Aparatos [&hellip;]","og_url":"https:\/\/bautsrl.com\/en\/low-voltage\/","og_site_name":"Baut Building + Automation","article_publisher":"https:\/\/www.facebook.com\/bautsrl","article_modified_time":"2024-07-13T18:53:21+00:00","og_image":[{"url":"https:\/\/bautsrl.com\/wp-content\/uploads\/2024\/07\/Siemens-LV.png","type":"","width":"","height":""}],"twitter_card":"summary_large_image","twitter_misc":{"Est. reading time":"1 minute"},"schema":{"@context":"https:\/\/schema.org","@graph":[{"@type":"WebPage","@id":"https:\/\/bautsrl.com\/baja-tension\/","url":"https:\/\/bautsrl.com\/baja-tension\/","name":"Low Voltage - Baut Building + Automation","isPartOf":{"@id":"https:\/\/bautsrl.com\/#website"},"primaryImageOfPage":{"@id":"https:\/\/bautsrl.com\/baja-tension\/#primaryimage"},"image":{"@id":"https:\/\/bautsrl.com\/baja-tension\/#primaryimage"},"thumbnailUrl":"https:\/\/bautsrl.com\/wp-content\/uploads\/2024\/07\/Siemens-LV.png","datePublished":"2024-05-07T14:18:18+00:00","dateModified":"2024-07-13T18:53:21+00:00","breadcrumb":{"@id":"https:\/\/bautsrl.com\/baja-tension\/#breadcrumb"},"inLanguage":"en-US","potentialAction":[{"@type":"ReadAction","target":["https:\/\/bautsrl.com\/baja-tension\/"]}]},{"@type":"ImageObject","inLanguage":"en-US","@id":"https:\/\/bautsrl.com\/baja-tension\/#primaryimage","url":"https:\/\/bautsrl.com\/wp-content\/uploads\/2024\/07\/Siemens-LV.png","contentUrl":"https:\/\/bautsrl.com\/wp-content\/uploads\/2024\/07\/Siemens-LV.png"},{"@type":"BreadcrumbList","@id":"https:\/\/bautsrl.com\/baja-tension\/#breadcrumb","itemListElement":[{"@type":"ListItem","position":1,"name":"Portada","item":"https:\/\/bautsrl.com\/es\/"},{"@type":"ListItem","position":2,"name":"Baja Tensi\u00f3n"}]},{"@type":"WebSite","@id":"https:\/\/bautsrl.com\/#website","url":"https:\/\/bautsrl.com\/","name":"Baut","description":"Building &amp; Automation","publisher":{"@id":"https:\/\/bautsrl.com\/#organization"},"potentialAction":[{"@type":"SearchAction","target":{"@type":"EntryPoint","urlTemplate":"https:\/\/bautsrl.com\/?s={search_term_string}"},"query-input":{"@type":"PropertyValueSpecification","valueRequired":true,"valueName":"search_term_string"}}],"inLanguage":"en-US"},{"@type":"Organization","@id":"https:\/\/bautsrl.com\/#organization","name":"BAUT SRL","url":"https:\/\/bautsrl.com\/","logo":{"@type":"ImageObject","inLanguage":"en-US","@id":"https:\/\/bautsrl.com\/#\/schema\/logo\/image\/","url":"https:\/\/bautsrl.com\/wp-content\/uploads\/2024\/05\/artefinalbautrgb.png","contentUrl":"https:\/\/bautsrl.com\/wp-content\/uploads\/2024\/05\/artefinalbautrgb.png","width":8192,"height":5301,"caption":"BAUT S.R.L."},"image":{"@id":"https:\/\/bautsrl.com\/#\/schema\/logo\/image\/"},"sameAs":["https:\/\/www.facebook.com\/bautsrl","https:\/\/www.instagram.com\/baut_srl\/"]}]}},"_links":{"self":[{"href":"https:\/\/bautsrl.com\/en\/wp-json\/wp\/v2\/pages\/15","targetHints":{"allow":["GET"]}}],"collection":[{"href":"https:\/\/bautsrl.com\/en\/wp-json\/wp\/v2\/pages"}],"about":[{"href":"https:\/\/bautsrl.com\/en\/wp-json\/wp\/v2\/types\/page"}],"author":[{"embeddable":true,"href":"https:\/\/bautsrl.com\/en\/wp-json\/wp\/v2\/users\/1"}],"replies":[{"embeddable":true,"href":"https:\/\/bautsrl.com\/en\/wp-json\/wp\/v2\/comments?post=15"}],"version-history":[{"count":13,"href":"https:\/\/bautsrl.com\/en\/wp-json\/wp\/v2\/pages\/15\/revisions"}],"predecessor-version":[{"id":1178,"href":"https:\/\/bautsrl.com\/en\/wp-json\/wp\/v2\/pages\/15\/revisions\/1178"}],"wp:attachment":[{"href":"https:\/\/bautsrl.com\/en\/wp-json\/wp\/v2\/media?parent=15"}],"curies":[{"name":"wp","href":"https:\/\/api.w.org\/{rel}","templated":true}]}}