{"id":17,"date":"2024-05-07T14:18:18","date_gmt":"2024-05-07T14:18:18","guid":{"rendered":"https:\/\/bautsrl.com\/?page_id=17"},"modified":"2024-07-13T19:01:40","modified_gmt":"2024-07-13T19:01:40","slug":"instrumentation","status":"publish","type":"page","link":"https:\/\/bautsrl.com\/en\/instrumentation\/","title":{"rendered":"Instrumentation"},"content":{"rendered":"<div data-elementor-type=\"wp-page\" data-elementor-id=\"17\" class=\"elementor elementor-17\" data-elementor-post-type=\"page\">\n\t\t\t\t<div class=\"elementor-element elementor-element-4e7b633 e-flex e-con-boxed e-con e-parent\" data-id=\"4e7b633\" data-element_type=\"container\" data-e-type=\"container\" data-settings=\"{&quot;background_background&quot;:&quot;classic&quot;}\">\n\t\t\t\t\t<div class=\"e-con-inner\">\n\t\t\t\t<div class=\"elementor-element elementor-element-68f11fa2 elementor-widget elementor-widget-heading\" data-id=\"68f11fa2\" data-element_type=\"widget\" data-e-type=\"widget\" data-widget_type=\"heading.default\">\n\t\t\t\t<div class=\"elementor-widget-container\">\n\t\t\t\t\t<h1 class=\"elementor-heading-title elementor-size-default\">Products: Instrumentation<\/h1>\t\t\t\t<\/div>\n\t\t\t\t<\/div>\n\t\t\t\t<div class=\"elementor-element elementor-element-4ada0567 elementor-icon-list--layout-inline elementor-align-start elementor-list-item-link-full_width elementor-widget elementor-widget-icon-list\" data-id=\"4ada0567\" data-element_type=\"widget\" data-e-type=\"widget\" data-widget_type=\"icon-list.default\">\n\t\t\t\t<div class=\"elementor-widget-container\">\n\t\t\t\t\t\t\t<ul class=\"elementor-icon-list-items elementor-inline-items\">\n\t\t\t\t\t\t\t<li class=\"elementor-icon-list-item elementor-inline-item\">\n\t\t\t\t\t\t\t\t\t\t\t<a href=\"https:\/\/bautsrl.com\/en\">\n\n\t\t\t\t\t\t\t\t\t\t\t<span class=\"elementor-icon-list-text\">BAUT<\/span>\n\t\t\t\t\t\t\t\t\t\t\t<\/a>\n\t\t\t\t\t\t\t\t\t<\/li>\n\t\t\t\t\t\t\t\t<li class=\"elementor-icon-list-item elementor-inline-item\">\n\t\t\t\t\t\t\t\t\t\t\t<a href=\"https:\/\/bautsrl.com\/en\/products\/\">\n\n\t\t\t\t\t\t\t\t\t\t\t<span class=\"elementor-icon-list-text\">\/ Products<\/span>\n\t\t\t\t\t\t\t\t\t\t\t<\/a>\n\t\t\t\t\t\t\t\t\t<\/li>\n\t\t\t\t\t\t\t\t<li class=\"elementor-icon-list-item elementor-inline-item\">\n\t\t\t\t\t\t\t\t\t\t\t<a href=\"https:\/\/bautsrl.com\/en\/instrumentation\/\">\n\n\t\t\t\t\t\t\t\t\t\t\t<span class=\"elementor-icon-list-text\">\/ Instrumentation<\/span>\n\t\t\t\t\t\t\t\t\t\t\t<\/a>\n\t\t\t\t\t\t\t\t\t<\/li>\n\t\t\t\t\t\t<\/ul>\n\t\t\t\t\t\t<\/div>\n\t\t\t\t<\/div>\n\t\t\t\t\t<\/div>\n\t\t\t\t<\/div>\n\t\t<div class=\"elementor-element elementor-element-17e84c7 e-flex e-con-boxed e-con e-parent\" data-id=\"17e84c7\" data-element_type=\"container\" data-e-type=\"container\">\n\t\t\t\t\t<div class=\"e-con-inner\">\n\t\t\t\t<div class=\"elementor-element elementor-element-6ab2f9e3 elementor-widget elementor-widget-heading\" data-id=\"6ab2f9e3\" data-element_type=\"widget\" data-e-type=\"widget\" data-widget_type=\"heading.default\">\n\t\t\t\t<div class=\"elementor-widget-container\">\n\t\t\t\t\t<h2 class=\"elementor-heading-title elementor-size-default\">Process instrumentation<\/h2>\t\t\t\t<\/div>\n\t\t\t\t<\/div>\n\t\t\t\t<div class=\"elementor-element elementor-element-28bda8da elementor-widget elementor-widget-text-editor\" data-id=\"28bda8da\" data-element_type=\"widget\" data-e-type=\"widget\" data-widget_type=\"text-editor.default\">\n\t\t\t\t<div class=\"elementor-widget-container\">\n\t\t\t\t\t\t\t\t\t<p>We provide detection, instrumentation and positioning instruments and systems for various applications in the industrial market. Allow us to offer you field, process and analytical equipment for liquids, solids and gases, machine vision, monitoring and sampling for all types of needs, processes and environments.<\/p>\t\t\t\t\t\t\t\t<\/div>\n\t\t\t\t<\/div>\n\t\t\t\t\t<\/div>\n\t\t\t\t<\/div>\n\t\t<div class=\"elementor-element elementor-element-117c429d e-flex e-con-boxed e-con e-parent\" data-id=\"117c429d\" data-element_type=\"container\" data-e-type=\"container\">\n\t\t\t\t\t<div class=\"e-con-inner\">\n\t\t<div class=\"elementor-element elementor-element-1bac919f e-con-full e-flex e-con e-child\" data-id=\"1bac919f\" data-element_type=\"container\" data-e-type=\"container\">\n\t\t\t\t<div class=\"elementor-element elementor-element-59bdc673 elementor-position-top elementor-widget elementor-widget-image-box\" data-id=\"59bdc673\" data-element_type=\"widget\" data-e-type=\"widget\" data-widget_type=\"image-box.default\">\n\t\t\t\t<div class=\"elementor-widget-container\">\n\t\t\t\t\t<div class=\"elementor-image-box-wrapper\"><figure class=\"elementor-image-box-img\"><img fetchpriority=\"high\" decoding=\"async\" width=\"680\" height=\"547\" src=\"https:\/\/bautsrl.com\/wp-content\/uploads\/2024\/07\/sensores.png\" class=\"attachment-full size-full wp-image-1117\" alt=\"\" srcset=\"https:\/\/bautsrl.com\/wp-content\/uploads\/2024\/07\/sensores.png 680w, https:\/\/bautsrl.com\/wp-content\/uploads\/2024\/07\/sensores-300x241.png 300w, https:\/\/bautsrl.com\/wp-content\/uploads\/2024\/07\/sensores-15x12.png 15w\" sizes=\"(max-width: 680px) 100vw, 680px\" \/><\/figure><div class=\"elementor-image-box-content\"><h3 class=\"elementor-image-box-title\">Field instrumentation<\/h3><p class=\"elementor-image-box-description\"><p>Limit switches, motion sensors, encoders and positioning systems\n\n<p>Magnetic, capacitive, inductive proximity sensors\n<p>\nIndustrial vision systems<\/p><\/div><\/div>\t\t\t\t<\/div>\n\t\t\t\t<\/div>\n\t\t\t\t<\/div>\n\t\t<div class=\"elementor-element elementor-element-6bb69c8f e-con-full e-flex e-con e-child\" data-id=\"6bb69c8f\" data-element_type=\"container\" data-e-type=\"container\">\n\t\t\t\t<div class=\"elementor-element elementor-element-2d6cc37f elementor-position-top elementor-widget elementor-widget-image-box\" data-id=\"2d6cc37f\" data-element_type=\"widget\" data-e-type=\"widget\" data-widget_type=\"image-box.default\">\n\t\t\t\t<div class=\"elementor-widget-container\">\n\t\t\t\t\t<div class=\"elementor-image-box-wrapper\"><figure class=\"elementor-image-box-img\"><img decoding=\"async\" width=\"680\" height=\"547\" src=\"https:\/\/bautsrl.com\/wp-content\/uploads\/2024\/07\/transmisores.png\" class=\"attachment-full size-full wp-image-1119\" alt=\"\" srcset=\"https:\/\/bautsrl.com\/wp-content\/uploads\/2024\/07\/transmisores.png 680w, https:\/\/bautsrl.com\/wp-content\/uploads\/2024\/07\/transmisores-300x241.png 300w, https:\/\/bautsrl.com\/wp-content\/uploads\/2024\/07\/transmisores-15x12.png 15w\" sizes=\"(max-width: 680px) 100vw, 680px\" \/><\/figure><div class=\"elementor-image-box-content\"><h3 class=\"elementor-image-box-title\">Process instrumentation<\/h3><p class=\"elementor-image-box-description\"><p>Level, pressure, temperature, positioning sensors and transmitters\n\n<p>Mass flowmeters, magnetic, Coriolis, Vortex\n\n<p>BATCH systems and weighing systems<\/p><\/div><\/div>\t\t\t\t<\/div>\n\t\t\t\t<\/div>\n\t\t\t\t<\/div>\n\t\t<div class=\"elementor-element elementor-element-755bfd19 e-con-full e-flex e-con e-child\" data-id=\"755bfd19\" data-element_type=\"container\" data-e-type=\"container\">\n\t\t\t\t<div class=\"elementor-element elementor-element-db52241 elementor-position-top elementor-widget elementor-widget-image-box\" data-id=\"db52241\" data-element_type=\"widget\" data-e-type=\"widget\" data-widget_type=\"image-box.default\">\n\t\t\t\t<div class=\"elementor-widget-container\">\n\t\t\t\t\t<div class=\"elementor-image-box-wrapper\"><figure class=\"elementor-image-box-img\"><img decoding=\"async\" width=\"680\" height=\"547\" src=\"https:\/\/bautsrl.com\/wp-content\/uploads\/2024\/07\/instrumentacion-de-ambientes.png\" class=\"attachment-full size-full wp-image-1118\" alt=\"\" srcset=\"https:\/\/bautsrl.com\/wp-content\/uploads\/2024\/07\/instrumentacion-de-ambientes.png 680w, https:\/\/bautsrl.com\/wp-content\/uploads\/2024\/07\/instrumentacion-de-ambientes-300x241.png 300w, https:\/\/bautsrl.com\/wp-content\/uploads\/2024\/07\/instrumentacion-de-ambientes-15x12.png 15w\" sizes=\"(max-width: 680px) 100vw, 680px\" \/><\/figure><div class=\"elementor-image-box-content\"><h3 class=\"elementor-image-box-title\">Instrumentation of environments<\/h3><p class=\"elementor-image-box-description\"><p>Gas analyzers, air quality, impurity measurement\n\n<p>Online monitoring and detection systems\n\n<p>Certified instrumentation for ATEX classified areas<\/p><\/div><\/div>\t\t\t\t<\/div>\n\t\t\t\t<\/div>\n\t\t\t\t<\/div>\n\t\t\t\t\t<\/div>\n\t\t\t\t<\/div>\n\t\t<div class=\"elementor-element elementor-element-4c1aa565 e-con-full e-flex e-con e-parent\" data-id=\"4c1aa565\" data-element_type=\"container\" data-e-type=\"container\">\n\t\t<div class=\"elementor-element elementor-element-2afd3297 e-con-full e-flex e-con e-child\" data-id=\"2afd3297\" data-element_type=\"container\" data-e-type=\"container\" data-settings=\"{&quot;background_background&quot;:&quot;classic&quot;}\">\n\t\t\t\t<div class=\"elementor-element elementor-element-3ef5b04a elementor-align-center elementor-widget elementor-widget-button\" data-id=\"3ef5b04a\" data-element_type=\"widget\" data-e-type=\"widget\" data-widget_type=\"button.default\">\n\t\t\t\t<div class=\"elementor-widget-container\">\n\t\t\t\t\t\t\t\t\t<div class=\"elementor-button-wrapper\">\n\t\t\t\t\t<a class=\"elementor-button elementor-button-link elementor-size-sm\" href=\"https:\/\/bautsrl.com\/en\/contact\/\">\n\t\t\t\t\t\t<span class=\"elementor-button-content-wrapper\">\n\t\t\t\t\t\t\t\t\t<span class=\"elementor-button-text\">Request your quote now!<\/span>\n\t\t\t\t\t<\/span>\n\t\t\t\t\t<\/a>\n\t\t\t\t<\/div>\n\t\t\t\t\t\t\t\t<\/div>\n\t\t\t\t<\/div>\n\t\t\t\t<div class=\"elementor-element elementor-element-6f722ff elementor-align-center elementor-widget elementor-widget-button\" data-id=\"6f722ff\" data-element_type=\"widget\" data-e-type=\"widget\" data-widget_type=\"button.default\">\n\t\t\t\t<div class=\"elementor-widget-container\">\n\t\t\t\t\t\t\t\t\t<div class=\"elementor-button-wrapper\">\n\t\t\t\t\t<a class=\"elementor-button elementor-button-link elementor-size-sm\" href=\"https:\/\/bautsrl.com\/en\/products\/\">\n\t\t\t\t\t\t<span class=\"elementor-button-content-wrapper\">\n\t\t\t\t\t\t\t\t\t<span class=\"elementor-button-text\">Return to products<\/span>\n\t\t\t\t\t<\/span>\n\t\t\t\t\t<\/a>\n\t\t\t\t<\/div>\n\t\t\t\t\t\t\t\t<\/div>\n\t\t\t\t<\/div>\n\t\t\t\t<\/div>\n\t\t\t\t<\/div>\n\t\t\t\t<\/div>","protected":false},"excerpt":{"rendered":"<p>BAUT \/ Productos \/ Instrumentaci\u00f3n Instrumentaci\u00f3n de procesos Proveemos instrumentos y sistemas de detecci\u00f3n, instrumentaci\u00f3n y posicionamiento para diversas aplicaciones del mercado industrial. Perm\u00edtanos ofrecerle equipos de campo, de proceso y anal\u00edticos para l\u00edquidos, solidos y gases, visi\u00f3n industrial, monitoreo y muestreo para todo tipo de necesidades, procesos y ambientes. Instrumentaci\u00f3n de campo Finales de [&hellip;]<\/p>\n","protected":false},"author":1,"featured_media":0,"parent":0,"menu_order":0,"comment_status":"closed","ping_status":"closed","template":"","meta":{"footnotes":""},"class_list":["post-17","page","type-page","status-publish","hentry"],"yoast_head":"<!-- This site is optimized with the Yoast SEO plugin v27.2 - https:\/\/yoast.com\/product\/yoast-seo-wordpress\/ -->\n<title>Instrumentacion - Baut Building + Automation<\/title>\n<meta name=\"robots\" content=\"index, follow, max-snippet:-1, max-image-preview:large, max-video-preview:-1\" \/>\n<link rel=\"canonical\" href=\"https:\/\/bautsrl.com\/en\/instrumentation\/\" \/>\n<meta property=\"og:locale\" content=\"en_US\" \/>\n<meta property=\"og:type\" content=\"article\" \/>\n<meta property=\"og:title\" content=\"Instrumentacion - Baut Building + Automation\" \/>\n<meta property=\"og:description\" content=\"BAUT \/ Productos \/ Instrumentaci\u00f3n Instrumentaci\u00f3n de procesos Proveemos instrumentos y sistemas de detecci\u00f3n, instrumentaci\u00f3n y posicionamiento para diversas aplicaciones del mercado industrial. Perm\u00edtanos ofrecerle equipos de campo, de proceso y anal\u00edticos para l\u00edquidos, solidos y gases, visi\u00f3n industrial, monitoreo y muestreo para todo tipo de necesidades, procesos y ambientes. Instrumentaci\u00f3n de campo Finales de [&hellip;]\" \/>\n<meta property=\"og:url\" content=\"https:\/\/bautsrl.com\/en\/instrumentation\/\" \/>\n<meta property=\"og:site_name\" content=\"Baut Building + Automation\" \/>\n<meta property=\"article:publisher\" content=\"https:\/\/www.facebook.com\/bautsrl\" \/>\n<meta property=\"article:modified_time\" content=\"2024-07-13T19:01:40+00:00\" \/>\n<meta property=\"og:image\" content=\"https:\/\/bautsrl.com\/wp-content\/uploads\/2024\/07\/sensores.png\" \/>\n<meta name=\"twitter:card\" content=\"summary_large_image\" \/>\n<meta name=\"twitter:label1\" content=\"Est. reading time\" \/>\n\t<meta name=\"twitter:data1\" content=\"1 minute\" \/>\n<script type=\"application\/ld+json\" class=\"yoast-schema-graph\">{\"@context\":\"https:\/\/schema.org\",\"@graph\":[{\"@type\":\"WebPage\",\"@id\":\"https:\/\/bautsrl.com\/instrumentacion\/\",\"url\":\"https:\/\/bautsrl.com\/instrumentacion\/\",\"name\":\"Instrumentacion - Baut Building + Automation\",\"isPartOf\":{\"@id\":\"https:\/\/bautsrl.com\/#website\"},\"primaryImageOfPage\":{\"@id\":\"https:\/\/bautsrl.com\/instrumentacion\/#primaryimage\"},\"image\":{\"@id\":\"https:\/\/bautsrl.com\/instrumentacion\/#primaryimage\"},\"thumbnailUrl\":\"https:\/\/bautsrl.com\/wp-content\/uploads\/2024\/07\/sensores.png\",\"datePublished\":\"2024-05-07T14:18:18+00:00\",\"dateModified\":\"2024-07-13T19:01:40+00:00\",\"breadcrumb\":{\"@id\":\"https:\/\/bautsrl.com\/instrumentacion\/#breadcrumb\"},\"inLanguage\":\"en-US\",\"potentialAction\":[{\"@type\":\"ReadAction\",\"target\":[\"https:\/\/bautsrl.com\/instrumentacion\/\"]}]},{\"@type\":\"ImageObject\",\"inLanguage\":\"en-US\",\"@id\":\"https:\/\/bautsrl.com\/instrumentacion\/#primaryimage\",\"url\":\"https:\/\/bautsrl.com\/wp-content\/uploads\/2024\/07\/sensores.png\",\"contentUrl\":\"https:\/\/bautsrl.com\/wp-content\/uploads\/2024\/07\/sensores.png\"},{\"@type\":\"BreadcrumbList\",\"@id\":\"https:\/\/bautsrl.com\/instrumentacion\/#breadcrumb\",\"itemListElement\":[{\"@type\":\"ListItem\",\"position\":1,\"name\":\"Portada\",\"item\":\"https:\/\/bautsrl.com\/es\/\"},{\"@type\":\"ListItem\",\"position\":2,\"name\":\"Instrumentacion\"}]},{\"@type\":\"WebSite\",\"@id\":\"https:\/\/bautsrl.com\/#website\",\"url\":\"https:\/\/bautsrl.com\/\",\"name\":\"Baut\",\"description\":\"Building &amp; Automation\",\"publisher\":{\"@id\":\"https:\/\/bautsrl.com\/#organization\"},\"potentialAction\":[{\"@type\":\"SearchAction\",\"target\":{\"@type\":\"EntryPoint\",\"urlTemplate\":\"https:\/\/bautsrl.com\/?s={search_term_string}\"},\"query-input\":{\"@type\":\"PropertyValueSpecification\",\"valueRequired\":true,\"valueName\":\"search_term_string\"}}],\"inLanguage\":\"en-US\"},{\"@type\":\"Organization\",\"@id\":\"https:\/\/bautsrl.com\/#organization\",\"name\":\"BAUT S.R.L.\",\"url\":\"https:\/\/bautsrl.com\/\",\"logo\":{\"@type\":\"ImageObject\",\"inLanguage\":\"en-US\",\"@id\":\"https:\/\/bautsrl.com\/#\/schema\/logo\/image\/\",\"url\":\"https:\/\/bautsrl.com\/wp-content\/uploads\/2024\/05\/artefinalbautrgb.png\",\"contentUrl\":\"https:\/\/bautsrl.com\/wp-content\/uploads\/2024\/05\/artefinalbautrgb.png\",\"width\":8192,\"height\":5301,\"caption\":\"BAUT S.R.L.\"},\"image\":{\"@id\":\"https:\/\/bautsrl.com\/#\/schema\/logo\/image\/\"},\"sameAs\":[\"https:\/\/www.facebook.com\/bautsrl\",\"https:\/\/www.instagram.com\/baut_srl\/\"]}]}<\/script>\n<!-- \/ Yoast SEO plugin. -->","yoast_head_json":{"title":"Instrumentation - Baut Building + Automation","robots":{"index":"index","follow":"follow","max-snippet":"max-snippet:-1","max-image-preview":"max-image-preview:large","max-video-preview":"max-video-preview:-1"},"canonical":"https:\/\/bautsrl.com\/en\/instrumentation\/","og_locale":"en_US","og_type":"article","og_title":"Instrumentacion - Baut Building + Automation","og_description":"BAUT \/ Productos \/ Instrumentaci\u00f3n Instrumentaci\u00f3n de procesos Proveemos instrumentos y sistemas de detecci\u00f3n, instrumentaci\u00f3n y posicionamiento para diversas aplicaciones del mercado industrial. Perm\u00edtanos ofrecerle equipos de campo, de proceso y anal\u00edticos para l\u00edquidos, solidos y gases, visi\u00f3n industrial, monitoreo y muestreo para todo tipo de necesidades, procesos y ambientes. Instrumentaci\u00f3n de campo Finales de [&hellip;]","og_url":"https:\/\/bautsrl.com\/en\/instrumentation\/","og_site_name":"Baut Building + Automation","article_publisher":"https:\/\/www.facebook.com\/bautsrl","article_modified_time":"2024-07-13T19:01:40+00:00","og_image":[{"url":"https:\/\/bautsrl.com\/wp-content\/uploads\/2024\/07\/sensores.png","type":"","width":"","height":""}],"twitter_card":"summary_large_image","twitter_misc":{"Est. reading time":"1 minute"},"schema":{"@context":"https:\/\/schema.org","@graph":[{"@type":"WebPage","@id":"https:\/\/bautsrl.com\/instrumentacion\/","url":"https:\/\/bautsrl.com\/instrumentacion\/","name":"Instrumentation - Baut Building + Automation","isPartOf":{"@id":"https:\/\/bautsrl.com\/#website"},"primaryImageOfPage":{"@id":"https:\/\/bautsrl.com\/instrumentacion\/#primaryimage"},"image":{"@id":"https:\/\/bautsrl.com\/instrumentacion\/#primaryimage"},"thumbnailUrl":"https:\/\/bautsrl.com\/wp-content\/uploads\/2024\/07\/sensores.png","datePublished":"2024-05-07T14:18:18+00:00","dateModified":"2024-07-13T19:01:40+00:00","breadcrumb":{"@id":"https:\/\/bautsrl.com\/instrumentacion\/#breadcrumb"},"inLanguage":"en-US","potentialAction":[{"@type":"ReadAction","target":["https:\/\/bautsrl.com\/instrumentacion\/"]}]},{"@type":"ImageObject","inLanguage":"en-US","@id":"https:\/\/bautsrl.com\/instrumentacion\/#primaryimage","url":"https:\/\/bautsrl.com\/wp-content\/uploads\/2024\/07\/sensores.png","contentUrl":"https:\/\/bautsrl.com\/wp-content\/uploads\/2024\/07\/sensores.png"},{"@type":"BreadcrumbList","@id":"https:\/\/bautsrl.com\/instrumentacion\/#breadcrumb","itemListElement":[{"@type":"ListItem","position":1,"name":"Portada","item":"https:\/\/bautsrl.com\/es\/"},{"@type":"ListItem","position":2,"name":"Instrumentacion"}]},{"@type":"WebSite","@id":"https:\/\/bautsrl.com\/#website","url":"https:\/\/bautsrl.com\/","name":"Baut","description":"Building &amp; Automation","publisher":{"@id":"https:\/\/bautsrl.com\/#organization"},"potentialAction":[{"@type":"SearchAction","target":{"@type":"EntryPoint","urlTemplate":"https:\/\/bautsrl.com\/?s={search_term_string}"},"query-input":{"@type":"PropertyValueSpecification","valueRequired":true,"valueName":"search_term_string"}}],"inLanguage":"en-US"},{"@type":"Organization","@id":"https:\/\/bautsrl.com\/#organization","name":"BAUT SRL","url":"https:\/\/bautsrl.com\/","logo":{"@type":"ImageObject","inLanguage":"en-US","@id":"https:\/\/bautsrl.com\/#\/schema\/logo\/image\/","url":"https:\/\/bautsrl.com\/wp-content\/uploads\/2024\/05\/artefinalbautrgb.png","contentUrl":"https:\/\/bautsrl.com\/wp-content\/uploads\/2024\/05\/artefinalbautrgb.png","width":8192,"height":5301,"caption":"BAUT S.R.L."},"image":{"@id":"https:\/\/bautsrl.com\/#\/schema\/logo\/image\/"},"sameAs":["https:\/\/www.facebook.com\/bautsrl","https:\/\/www.instagram.com\/baut_srl\/"]}]}},"_links":{"self":[{"href":"https:\/\/bautsrl.com\/en\/wp-json\/wp\/v2\/pages\/17","targetHints":{"allow":["GET"]}}],"collection":[{"href":"https:\/\/bautsrl.com\/en\/wp-json\/wp\/v2\/pages"}],"about":[{"href":"https:\/\/bautsrl.com\/en\/wp-json\/wp\/v2\/types\/page"}],"author":[{"embeddable":true,"href":"https:\/\/bautsrl.com\/en\/wp-json\/wp\/v2\/users\/1"}],"replies":[{"embeddable":true,"href":"https:\/\/bautsrl.com\/en\/wp-json\/wp\/v2\/comments?post=17"}],"version-history":[{"count":13,"href":"https:\/\/bautsrl.com\/en\/wp-json\/wp\/v2\/pages\/17\/revisions"}],"predecessor-version":[{"id":1193,"href":"https:\/\/bautsrl.com\/en\/wp-json\/wp\/v2\/pages\/17\/revisions\/1193"}],"wp:attachment":[{"href":"https:\/\/bautsrl.com\/en\/wp-json\/wp\/v2\/media?parent=17"}],"curies":[{"name":"wp","href":"https:\/\/api.w.org\/{rel}","templated":true}]}}