{"id":16,"date":"2024-05-07T14:18:18","date_gmt":"2024-05-07T14:18:18","guid":{"rendered":"https:\/\/bautsrl.com\/?page_id=16"},"modified":"2024-08-06T20:12:25","modified_gmt":"2024-08-06T20:12:25","slug":"blockchain-2","status":"publish","type":"page","link":"https:\/\/bautsrl.com\/es\/blockchain-2\/","title":{"rendered":"Blockchain"},"content":{"rendered":"\t\t<div data-elementor-type=\"wp-page\" data-elementor-id=\"16\" class=\"elementor elementor-16\" data-elementor-post-type=\"page\">\n\t\t\t\t<div class=\"elementor-element elementor-element-3b46168f e-flex e-con-boxed e-con e-parent\" data-id=\"3b46168f\" data-element_type=\"container\" data-e-type=\"container\" data-settings=\"{&quot;background_background&quot;:&quot;classic&quot;}\">\n\t\t\t\t\t<div class=\"e-con-inner\">\n\t\t\t\t<div class=\"elementor-element elementor-element-55e3bfa8 elementor-widget elementor-widget-heading\" data-id=\"55e3bfa8\" data-element_type=\"widget\" data-e-type=\"widget\" data-widget_type=\"heading.default\">\n\t\t\t\t<div class=\"elementor-widget-container\">\n\t\t\t\t\t<h1 class=\"elementor-heading-title elementor-size-default\">Productos: Blockchain<\/h1>\t\t\t\t<\/div>\n\t\t\t\t<\/div>\n\t\t\t\t<div class=\"elementor-element elementor-element-2fa74e39 elementor-icon-list--layout-inline elementor-align-start elementor-list-item-link-full_width elementor-widget elementor-widget-icon-list\" data-id=\"2fa74e39\" data-element_type=\"widget\" data-e-type=\"widget\" data-widget_type=\"icon-list.default\">\n\t\t\t\t<div class=\"elementor-widget-container\">\n\t\t\t\t\t\t\t<ul class=\"elementor-icon-list-items elementor-inline-items\">\n\t\t\t\t\t\t\t<li class=\"elementor-icon-list-item elementor-inline-item\">\n\t\t\t\t\t\t\t\t\t\t\t<a href=\"https:\/\/bautsrl.com\/es\">\n\n\t\t\t\t\t\t\t\t\t\t\t<span class=\"elementor-icon-list-text\">BAUT<\/span>\n\t\t\t\t\t\t\t\t\t\t\t<\/a>\n\t\t\t\t\t\t\t\t\t<\/li>\n\t\t\t\t\t\t\t\t<li class=\"elementor-icon-list-item elementor-inline-item\">\n\t\t\t\t\t\t\t\t\t\t\t<a href=\"https:\/\/bautsrl.com\/productos\/\">\n\n\t\t\t\t\t\t\t\t\t\t\t<span class=\"elementor-icon-list-text\">\/ Productos<\/span>\n\t\t\t\t\t\t\t\t\t\t\t<\/a>\n\t\t\t\t\t\t\t\t\t<\/li>\n\t\t\t\t\t\t\t\t<li class=\"elementor-icon-list-item elementor-inline-item\">\n\t\t\t\t\t\t\t\t\t\t\t<a href=\"https:\/\/bautsrl.com\/es\/blockchain-2\/\">\n\n\t\t\t\t\t\t\t\t\t\t\t<span class=\"elementor-icon-list-text\">\/ Blockchain<\/span>\n\t\t\t\t\t\t\t\t\t\t\t<\/a>\n\t\t\t\t\t\t\t\t\t<\/li>\n\t\t\t\t\t\t<\/ul>\n\t\t\t\t\t\t<\/div>\n\t\t\t\t<\/div>\n\t\t\t\t\t<\/div>\n\t\t\t\t<\/div>\n\t\t<div class=\"elementor-element elementor-element-5a4e7e19 e-flex e-con-boxed e-con e-parent\" data-id=\"5a4e7e19\" data-element_type=\"container\" data-e-type=\"container\">\n\t\t\t\t\t<div class=\"e-con-inner\">\n\t\t\t\t<div class=\"elementor-element elementor-element-7c22e071 elementor-widget elementor-widget-heading\" data-id=\"7c22e071\" data-element_type=\"widget\" data-e-type=\"widget\" data-widget_type=\"heading.default\">\n\t\t\t\t<div class=\"elementor-widget-container\">\n\t\t\t\t\t<h2 class=\"elementor-heading-title elementor-size-default\">Blockchain<\/h2>\t\t\t\t<\/div>\n\t\t\t\t<\/div>\n\t\t\t\t<div class=\"elementor-element elementor-element-249142cf elementor-widget elementor-widget-text-editor\" data-id=\"249142cf\" data-element_type=\"widget\" data-e-type=\"widget\" data-widget_type=\"text-editor.default\">\n\t\t\t\t<div class=\"elementor-widget-container\">\n\t\t\t\t\t\t\t\t\t<p>El universo inform\u00e1tico y sus finanzas han sido transformados desde la aparici\u00f3n de las cadenas de bloques y de IA. La red inform\u00e1tica Bitcoin ha tenido un crecimiento exponencial desde su creaci\u00f3n, con tendencia a industrializar cada vez m\u00e1s la actividad. Cada d\u00eda surgen tecnolog\u00edas superadoras que mejoran la eficiencia y poder de c\u00f3mputo. Desde 2020 ofrecemos servidores, sistemas de refrigeraci\u00f3n por inmersi\u00f3n, agua y aire, sistemas de calefacci\u00f3n y reaprovechamiento energ\u00e9tico, entre otros productos.<\/p>\t\t\t\t\t\t\t\t<\/div>\n\t\t\t\t<\/div>\n\t\t\t\t\t<\/div>\n\t\t\t\t<\/div>\n\t\t<div class=\"elementor-element elementor-element-4e21186a e-flex e-con-boxed e-con e-parent\" data-id=\"4e21186a\" data-element_type=\"container\" data-e-type=\"container\">\n\t\t\t\t\t<div class=\"e-con-inner\">\n\t\t<div class=\"elementor-element elementor-element-3d8bf90f e-con-full e-flex e-con e-child\" data-id=\"3d8bf90f\" data-element_type=\"container\" data-e-type=\"container\">\n\t\t\t\t<div class=\"elementor-element elementor-element-2eb058ce elementor-position-top elementor-widget elementor-widget-image-box\" data-id=\"2eb058ce\" data-element_type=\"widget\" data-e-type=\"widget\" data-widget_type=\"image-box.default\">\n\t\t\t\t<div class=\"elementor-widget-container\">\n\t\t\t\t\t<div class=\"elementor-image-box-wrapper\"><figure class=\"elementor-image-box-img\"><img fetchpriority=\"high\" decoding=\"async\" width=\"680\" height=\"547\" src=\"https:\/\/bautsrl.com\/wp-content\/uploads\/2024\/07\/asics.png\" class=\"attachment-full size-full wp-image-1101\" alt=\"\" srcset=\"https:\/\/bautsrl.com\/wp-content\/uploads\/2024\/07\/asics.png 680w, https:\/\/bautsrl.com\/wp-content\/uploads\/2024\/07\/asics-300x241.png 300w, https:\/\/bautsrl.com\/wp-content\/uploads\/2024\/07\/asics-15x12.png 15w\" sizes=\"(max-width: 680px) 100vw, 680px\" \/><\/figure><div class=\"elementor-image-box-content\"><h3 class=\"elementor-image-box-title\">Servidores inform\u00e1ticos ASIC<\/h3><p class=\"elementor-image-box-description\"><p>Servidores inform\u00e1ticos ASIC para miner\u00eda de BTC\n\n<p> Equipos con refrigeraci\u00f3n hydro y por aire\n<p>\nFuentes de alimentaci\u00f3n, Control Boards, y repuestos.<\/p><\/div><\/div>\t\t\t\t<\/div>\n\t\t\t\t<\/div>\n\t\t\t\t<\/div>\n\t\t<div class=\"elementor-element elementor-element-5de9f519 e-con-full e-flex e-con e-child\" data-id=\"5de9f519\" data-element_type=\"container\" data-e-type=\"container\">\n\t\t\t\t<div class=\"elementor-element elementor-element-2732c5c3 elementor-position-top elementor-widget elementor-widget-image-box\" data-id=\"2732c5c3\" data-element_type=\"widget\" data-e-type=\"widget\" data-widget_type=\"image-box.default\">\n\t\t\t\t<div class=\"elementor-widget-container\">\n\t\t\t\t\t<div class=\"elementor-image-box-wrapper\"><figure class=\"elementor-image-box-img\"><img decoding=\"async\" width=\"680\" height=\"547\" src=\"https:\/\/bautsrl.com\/wp-content\/uploads\/2024\/07\/enfriamiento-3.png\" class=\"attachment-full size-full wp-image-1106\" alt=\"\" srcset=\"https:\/\/bautsrl.com\/wp-content\/uploads\/2024\/07\/enfriamiento-3.png 680w, https:\/\/bautsrl.com\/wp-content\/uploads\/2024\/07\/enfriamiento-3-300x241.png 300w, https:\/\/bautsrl.com\/wp-content\/uploads\/2024\/07\/enfriamiento-3-15x12.png 15w\" sizes=\"(max-width: 680px) 100vw, 680px\" \/><\/figure><div class=\"elementor-image-box-content\"><h3 class=\"elementor-image-box-title\">Sistemas de refrigeraci\u00f3n<\/h3><p class=\"elementor-image-box-description\"><p>Sistemas de refrigeraci\u00f3n y reaprovechamiento energ\u00e9tico\n\n<p>Refrigeraci\u00f3n por aire, agua e inmersi\u00f3n\n\n<p>Dise\u00f1o y c\u00e1lculo de sistemas a medida<\/p><\/div><\/div>\t\t\t\t<\/div>\n\t\t\t\t<\/div>\n\t\t\t\t<\/div>\n\t\t<div class=\"elementor-element elementor-element-a8fb47d e-con-full e-flex e-con e-child\" data-id=\"a8fb47d\" data-element_type=\"container\" data-e-type=\"container\">\n\t\t\t\t<div class=\"elementor-element elementor-element-62b5e710 elementor-position-top elementor-widget elementor-widget-image-box\" data-id=\"62b5e710\" data-element_type=\"widget\" data-e-type=\"widget\" data-widget_type=\"image-box.default\">\n\t\t\t\t<div class=\"elementor-widget-container\">\n\t\t\t\t\t<div class=\"elementor-image-box-wrapper\"><figure class=\"elementor-image-box-img\"><img decoding=\"async\" width=\"680\" height=\"547\" src=\"https:\/\/bautsrl.com\/wp-content\/uploads\/2024\/07\/infraestructura-2.png\" class=\"attachment-2048x2048 size-2048x2048 wp-image-1108\" alt=\"\" srcset=\"https:\/\/bautsrl.com\/wp-content\/uploads\/2024\/07\/infraestructura-2.png 680w, https:\/\/bautsrl.com\/wp-content\/uploads\/2024\/07\/infraestructura-2-300x241.png 300w, https:\/\/bautsrl.com\/wp-content\/uploads\/2024\/07\/infraestructura-2-15x12.png 15w\" sizes=\"(max-width: 680px) 100vw, 680px\" \/><\/figure><div class=\"elementor-image-box-content\"><h3 class=\"elementor-image-box-title\">Infraestructura para Datacenters<\/h3><p class=\"elementor-image-box-description\"><p>Infraestructura el\u00e9ctrica y electromec\u00e1nica para grandes instalaciones\n<p>Auutomatizaci\u00f3n industrial de operaci\u00f3n y gesti\u00f3n de energ\u00eda \n\n<p>Shelters y DataCenters modulares de 1MW<\/p><\/div><\/div>\t\t\t\t<\/div>\n\t\t\t\t<\/div>\n\t\t\t\t<\/div>\n\t\t\t\t\t<\/div>\n\t\t\t\t<\/div>\n\t\t<div class=\"elementor-element elementor-element-1554c83 e-flex e-con-boxed e-con e-parent\" data-id=\"1554c83\" data-element_type=\"container\" data-e-type=\"container\">\n\t\t\t\t\t<div class=\"e-con-inner\">\n\t\t\t\t<div class=\"elementor-element elementor-element-b6df400 elementor-widget elementor-widget-heading\" data-id=\"b6df400\" data-element_type=\"widget\" data-e-type=\"widget\" data-widget_type=\"heading.default\">\n\t\t\t\t<div class=\"elementor-widget-container\">\n\t\t\t\t\t<h2 class=\"elementor-heading-title elementor-size-default\">Marcas con las que trabajamos<\/h2>\t\t\t\t<\/div>\n\t\t\t\t<\/div>\n\t\t\t\t\t<\/div>\n\t\t\t\t<\/div>\n\t\t<div class=\"elementor-element elementor-element-cb1b05b e-grid e-con-boxed e-con e-parent\" data-id=\"cb1b05b\" data-element_type=\"container\" data-e-type=\"container\">\n\t\t\t\t\t<div class=\"e-con-inner\">\n\t\t\t\t<div class=\"elementor-element elementor-element-0fc9085 elementor-widget elementor-widget-image\" data-id=\"0fc9085\" data-element_type=\"widget\" data-e-type=\"widget\" data-widget_type=\"image.default\">\n\t\t\t\t<div class=\"elementor-widget-container\">\n\t\t\t\t\t\t\t\t\t\t\t\t\t\t\t\t<a href=\"http:\/\/Bitmain.com\">\n\t\t\t\t\t\t\t<img loading=\"lazy\" decoding=\"async\" width=\"225\" height=\"225\" src=\"https:\/\/bautsrl.com\/wp-content\/uploads\/2024\/07\/Bitmain.png\" class=\"attachment-large size-large wp-image-1109\" alt=\"\" srcset=\"https:\/\/bautsrl.com\/wp-content\/uploads\/2024\/07\/Bitmain.png 225w, https:\/\/bautsrl.com\/wp-content\/uploads\/2024\/07\/Bitmain-150x150.png 150w, https:\/\/bautsrl.com\/wp-content\/uploads\/2024\/07\/Bitmain-12x12.png 12w\" sizes=\"(max-width: 225px) 100vw, 225px\" \/>\t\t\t\t\t\t\t\t<\/a>\n\t\t\t\t\t\t\t\t\t\t\t\t\t\t\t<\/div>\n\t\t\t\t<\/div>\n\t\t\t\t<div class=\"elementor-element elementor-element-3e2513e elementor-widget elementor-widget-image\" data-id=\"3e2513e\" data-element_type=\"widget\" data-e-type=\"widget\" data-widget_type=\"image.default\">\n\t\t\t\t<div class=\"elementor-widget-container\">\n\t\t\t\t\t\t\t\t\t\t\t\t\t\t\t\t<a href=\"http:\/\/dexheat.com\">\n\t\t\t\t\t\t\t<img loading=\"lazy\" decoding=\"async\" width=\"800\" height=\"800\" src=\"https:\/\/bautsrl.com\/wp-content\/uploads\/2024\/07\/Logo-DexHeat-transparente-grande-1024x1024.png\" class=\"attachment-large size-large wp-image-1110\" alt=\"\" srcset=\"https:\/\/bautsrl.com\/wp-content\/uploads\/2024\/07\/Logo-DexHeat-transparente-grande-1024x1024.png 1024w, https:\/\/bautsrl.com\/wp-content\/uploads\/2024\/07\/Logo-DexHeat-transparente-grande-300x300.png 300w, https:\/\/bautsrl.com\/wp-content\/uploads\/2024\/07\/Logo-DexHeat-transparente-grande-150x150.png 150w, https:\/\/bautsrl.com\/wp-content\/uploads\/2024\/07\/Logo-DexHeat-transparente-grande-768x768.png 768w, https:\/\/bautsrl.com\/wp-content\/uploads\/2024\/07\/Logo-DexHeat-transparente-grande-1536x1536.png 1536w, https:\/\/bautsrl.com\/wp-content\/uploads\/2024\/07\/Logo-DexHeat-transparente-grande-2048x2048.png 2048w, https:\/\/bautsrl.com\/wp-content\/uploads\/2024\/07\/Logo-DexHeat-transparente-grande-12x12.png 12w\" sizes=\"(max-width: 800px) 100vw, 800px\" \/>\t\t\t\t\t\t\t\t<\/a>\n\t\t\t\t\t\t\t\t\t\t\t\t\t\t\t<\/div>\n\t\t\t\t<\/div>\n\t\t\t\t<div class=\"elementor-element elementor-element-2b3ec0b elementor-widget elementor-widget-image\" data-id=\"2b3ec0b\" data-element_type=\"widget\" data-e-type=\"widget\" data-widget_type=\"image.default\">\n\t\t\t\t<div class=\"elementor-widget-container\">\n\t\t\t\t\t\t\t\t\t\t\t\t\t\t\t\t<a href=\"http:\/\/whatsminer.com\">\n\t\t\t\t\t\t\t<img loading=\"lazy\" decoding=\"async\" width=\"672\" height=\"371\" src=\"https:\/\/bautsrl.com\/wp-content\/uploads\/2024\/07\/whatsminer.webp\" class=\"attachment-large size-large wp-image-1111\" alt=\"\" srcset=\"https:\/\/bautsrl.com\/wp-content\/uploads\/2024\/07\/whatsminer.webp 672w, https:\/\/bautsrl.com\/wp-content\/uploads\/2024\/07\/whatsminer-300x166.webp 300w, https:\/\/bautsrl.com\/wp-content\/uploads\/2024\/07\/whatsminer-18x10.webp 18w\" sizes=\"(max-width: 672px) 100vw, 672px\" \/>\t\t\t\t\t\t\t\t<\/a>\n\t\t\t\t\t\t\t\t\t\t\t\t\t\t\t<\/div>\n\t\t\t\t<\/div>\n\t\t\t\t\t<\/div>\n\t\t\t\t<\/div>\n\t\t<div class=\"elementor-element elementor-element-452e8710 e-con-full e-flex e-con e-parent\" data-id=\"452e8710\" data-element_type=\"container\" data-e-type=\"container\">\n\t\t<div class=\"elementor-element elementor-element-7f34f2c4 e-con-full e-flex e-con e-child\" data-id=\"7f34f2c4\" data-element_type=\"container\" data-e-type=\"container\" data-settings=\"{&quot;background_background&quot;:&quot;classic&quot;}\">\n\t\t\t\t<div class=\"elementor-element elementor-element-686e86a4 elementor-align-center elementor-widget elementor-widget-button\" data-id=\"686e86a4\" data-element_type=\"widget\" data-e-type=\"widget\" data-widget_type=\"button.default\">\n\t\t\t\t<div class=\"elementor-widget-container\">\n\t\t\t\t\t\t\t\t\t<div class=\"elementor-button-wrapper\">\n\t\t\t\t\t<a class=\"elementor-button elementor-button-link elementor-size-sm\" href=\"https:\/\/bautsrl.com\/contacto\/\">\n\t\t\t\t\t\t<span class=\"elementor-button-content-wrapper\">\n\t\t\t\t\t\t\t\t\t<span class=\"elementor-button-text\">\u00a1Solicite su cotizaci\u00f3n ahora!<\/span>\n\t\t\t\t\t<\/span>\n\t\t\t\t\t<\/a>\n\t\t\t\t<\/div>\n\t\t\t\t\t\t\t\t<\/div>\n\t\t\t\t<\/div>\n\t\t\t\t<div class=\"elementor-element elementor-element-5a1ecec elementor-align-center elementor-widget elementor-widget-button\" data-id=\"5a1ecec\" data-element_type=\"widget\" data-e-type=\"widget\" data-widget_type=\"button.default\">\n\t\t\t\t<div class=\"elementor-widget-container\">\n\t\t\t\t\t\t\t\t\t<div class=\"elementor-button-wrapper\">\n\t\t\t\t\t<a class=\"elementor-button elementor-button-link elementor-size-sm\" href=\"https:\/\/bautsrl.com\/productos\/\">\n\t\t\t\t\t\t<span class=\"elementor-button-content-wrapper\">\n\t\t\t\t\t\t\t\t\t<span class=\"elementor-button-text\">Volver a productos<\/span>\n\t\t\t\t\t<\/span>\n\t\t\t\t\t<\/a>\n\t\t\t\t<\/div>\n\t\t\t\t\t\t\t\t<\/div>\n\t\t\t\t<\/div>\n\t\t\t\t<\/div>\n\t\t\t\t<\/div>\n\t\t\t\t<\/div>\n\t\t","protected":false},"excerpt":{"rendered":"<p>BAUT \/ Productos \/ Blockchain Blockchain El universo inform\u00e1tico y sus finanzas han sido transformados desde la aparici\u00f3n de las cadenas de bloques y de IA. La red inform\u00e1tica Bitcoin ha tenido un crecimiento exponencial desde su creaci\u00f3n, con tendencia a industrializar cada vez m\u00e1s la actividad. Cada d\u00eda surgen tecnolog\u00edas superadoras que mejoran la [&hellip;]<\/p>\n","protected":false},"author":1,"featured_media":0,"parent":0,"menu_order":0,"comment_status":"closed","ping_status":"closed","template":"","meta":{"footnotes":""},"class_list":["post-16","page","type-page","status-publish","hentry"],"yoast_head":"<!-- This site is optimized with the Yoast SEO plugin v27.2 - https:\/\/yoast.com\/product\/yoast-seo-wordpress\/ -->\n<title>Blockchain - Baut Building + Automation<\/title>\n<meta name=\"robots\" content=\"index, follow, max-snippet:-1, max-image-preview:large, max-video-preview:-1\" \/>\n<link rel=\"canonical\" href=\"https:\/\/bautsrl.com\/es\/blockchain-2\/\" \/>\n<meta property=\"og:locale\" content=\"es_ES\" \/>\n<meta property=\"og:type\" content=\"article\" \/>\n<meta property=\"og:title\" content=\"Blockchain - Baut Building + Automation\" \/>\n<meta property=\"og:description\" content=\"BAUT \/ Productos \/ Blockchain Blockchain El universo inform\u00e1tico y sus finanzas han sido transformados desde la aparici\u00f3n de las cadenas de bloques y de IA. La red inform\u00e1tica Bitcoin ha tenido un crecimiento exponencial desde su creaci\u00f3n, con tendencia a industrializar cada vez m\u00e1s la actividad. Cada d\u00eda surgen tecnolog\u00edas superadoras que mejoran la [&hellip;]\" \/>\n<meta property=\"og:url\" content=\"https:\/\/bautsrl.com\/es\/blockchain-2\/\" \/>\n<meta property=\"og:site_name\" content=\"Baut Building + Automation\" \/>\n<meta property=\"article:publisher\" content=\"https:\/\/www.facebook.com\/bautsrl\" \/>\n<meta property=\"article:modified_time\" content=\"2024-08-06T20:12:25+00:00\" \/>\n<meta property=\"og:image\" content=\"https:\/\/bautsrl.com\/wp-content\/uploads\/2024\/07\/asics.png\" \/>\n<meta name=\"twitter:card\" content=\"summary_large_image\" \/>\n<meta name=\"twitter:label1\" content=\"Tiempo de lectura\" \/>\n\t<meta name=\"twitter:data1\" content=\"1 minuto\" \/>\n<script type=\"application\/ld+json\" class=\"yoast-schema-graph\">{\"@context\":\"https:\/\/schema.org\",\"@graph\":[{\"@type\":\"WebPage\",\"@id\":\"https:\/\/bautsrl.com\/blockchain-2\/\",\"url\":\"https:\/\/bautsrl.com\/blockchain-2\/\",\"name\":\"Blockchain - Baut Building + Automation\",\"isPartOf\":{\"@id\":\"https:\/\/bautsrl.com\/#website\"},\"primaryImageOfPage\":{\"@id\":\"https:\/\/bautsrl.com\/blockchain-2\/#primaryimage\"},\"image\":{\"@id\":\"https:\/\/bautsrl.com\/blockchain-2\/#primaryimage\"},\"thumbnailUrl\":\"https:\/\/bautsrl.com\/wp-content\/uploads\/2024\/07\/asics.png\",\"datePublished\":\"2024-05-07T14:18:18+00:00\",\"dateModified\":\"2024-08-06T20:12:25+00:00\",\"breadcrumb\":{\"@id\":\"https:\/\/bautsrl.com\/blockchain-2\/#breadcrumb\"},\"inLanguage\":\"es\",\"potentialAction\":[{\"@type\":\"ReadAction\",\"target\":[\"https:\/\/bautsrl.com\/blockchain-2\/\"]}]},{\"@type\":\"ImageObject\",\"inLanguage\":\"es\",\"@id\":\"https:\/\/bautsrl.com\/blockchain-2\/#primaryimage\",\"url\":\"https:\/\/bautsrl.com\/wp-content\/uploads\/2024\/07\/asics.png\",\"contentUrl\":\"https:\/\/bautsrl.com\/wp-content\/uploads\/2024\/07\/asics.png\"},{\"@type\":\"BreadcrumbList\",\"@id\":\"https:\/\/bautsrl.com\/blockchain-2\/#breadcrumb\",\"itemListElement\":[{\"@type\":\"ListItem\",\"position\":1,\"name\":\"Portada\",\"item\":\"https:\/\/bautsrl.com\/es\/\"},{\"@type\":\"ListItem\",\"position\":2,\"name\":\"Blockchain\"}]},{\"@type\":\"WebSite\",\"@id\":\"https:\/\/bautsrl.com\/#website\",\"url\":\"https:\/\/bautsrl.com\/\",\"name\":\"Baut\",\"description\":\"Building &amp; Automation\",\"publisher\":{\"@id\":\"https:\/\/bautsrl.com\/#organization\"},\"potentialAction\":[{\"@type\":\"SearchAction\",\"target\":{\"@type\":\"EntryPoint\",\"urlTemplate\":\"https:\/\/bautsrl.com\/?s={search_term_string}\"},\"query-input\":{\"@type\":\"PropertyValueSpecification\",\"valueRequired\":true,\"valueName\":\"search_term_string\"}}],\"inLanguage\":\"es\"},{\"@type\":\"Organization\",\"@id\":\"https:\/\/bautsrl.com\/#organization\",\"name\":\"BAUT S.R.L.\",\"url\":\"https:\/\/bautsrl.com\/\",\"logo\":{\"@type\":\"ImageObject\",\"inLanguage\":\"es\",\"@id\":\"https:\/\/bautsrl.com\/#\/schema\/logo\/image\/\",\"url\":\"https:\/\/bautsrl.com\/wp-content\/uploads\/2024\/05\/artefinalbautrgb.png\",\"contentUrl\":\"https:\/\/bautsrl.com\/wp-content\/uploads\/2024\/05\/artefinalbautrgb.png\",\"width\":8192,\"height\":5301,\"caption\":\"BAUT S.R.L.\"},\"image\":{\"@id\":\"https:\/\/bautsrl.com\/#\/schema\/logo\/image\/\"},\"sameAs\":[\"https:\/\/www.facebook.com\/bautsrl\",\"https:\/\/www.instagram.com\/baut_srl\/\"]}]}<\/script>\n<!-- \/ Yoast SEO plugin. -->","yoast_head_json":{"title":"Blockchain - Baut Building + Automation","robots":{"index":"index","follow":"follow","max-snippet":"max-snippet:-1","max-image-preview":"max-image-preview:large","max-video-preview":"max-video-preview:-1"},"canonical":"https:\/\/bautsrl.com\/es\/blockchain-2\/","og_locale":"es_ES","og_type":"article","og_title":"Blockchain - Baut Building + Automation","og_description":"BAUT \/ Productos \/ Blockchain Blockchain El universo inform\u00e1tico y sus finanzas han sido transformados desde la aparici\u00f3n de las cadenas de bloques y de IA. La red inform\u00e1tica Bitcoin ha tenido un crecimiento exponencial desde su creaci\u00f3n, con tendencia a industrializar cada vez m\u00e1s la actividad. Cada d\u00eda surgen tecnolog\u00edas superadoras que mejoran la [&hellip;]","og_url":"https:\/\/bautsrl.com\/es\/blockchain-2\/","og_site_name":"Baut Building + Automation","article_publisher":"https:\/\/www.facebook.com\/bautsrl","article_modified_time":"2024-08-06T20:12:25+00:00","og_image":[{"url":"https:\/\/bautsrl.com\/wp-content\/uploads\/2024\/07\/asics.png","type":"","width":"","height":""}],"twitter_card":"summary_large_image","twitter_misc":{"Tiempo de lectura":"1 minuto"},"schema":{"@context":"https:\/\/schema.org","@graph":[{"@type":"WebPage","@id":"https:\/\/bautsrl.com\/blockchain-2\/","url":"https:\/\/bautsrl.com\/blockchain-2\/","name":"Blockchain - Baut Building + Automation","isPartOf":{"@id":"https:\/\/bautsrl.com\/#website"},"primaryImageOfPage":{"@id":"https:\/\/bautsrl.com\/blockchain-2\/#primaryimage"},"image":{"@id":"https:\/\/bautsrl.com\/blockchain-2\/#primaryimage"},"thumbnailUrl":"https:\/\/bautsrl.com\/wp-content\/uploads\/2024\/07\/asics.png","datePublished":"2024-05-07T14:18:18+00:00","dateModified":"2024-08-06T20:12:25+00:00","breadcrumb":{"@id":"https:\/\/bautsrl.com\/blockchain-2\/#breadcrumb"},"inLanguage":"es","potentialAction":[{"@type":"ReadAction","target":["https:\/\/bautsrl.com\/blockchain-2\/"]}]},{"@type":"ImageObject","inLanguage":"es","@id":"https:\/\/bautsrl.com\/blockchain-2\/#primaryimage","url":"https:\/\/bautsrl.com\/wp-content\/uploads\/2024\/07\/asics.png","contentUrl":"https:\/\/bautsrl.com\/wp-content\/uploads\/2024\/07\/asics.png"},{"@type":"BreadcrumbList","@id":"https:\/\/bautsrl.com\/blockchain-2\/#breadcrumb","itemListElement":[{"@type":"ListItem","position":1,"name":"Portada","item":"https:\/\/bautsrl.com\/es\/"},{"@type":"ListItem","position":2,"name":"Blockchain"}]},{"@type":"WebSite","@id":"https:\/\/bautsrl.com\/#website","url":"https:\/\/bautsrl.com\/","name":"Baut","description":"Building &amp; Automation","publisher":{"@id":"https:\/\/bautsrl.com\/#organization"},"potentialAction":[{"@type":"SearchAction","target":{"@type":"EntryPoint","urlTemplate":"https:\/\/bautsrl.com\/?s={search_term_string}"},"query-input":{"@type":"PropertyValueSpecification","valueRequired":true,"valueName":"search_term_string"}}],"inLanguage":"es"},{"@type":"Organization","@id":"https:\/\/bautsrl.com\/#organization","name":"BAUT S.R.L.","url":"https:\/\/bautsrl.com\/","logo":{"@type":"ImageObject","inLanguage":"es","@id":"https:\/\/bautsrl.com\/#\/schema\/logo\/image\/","url":"https:\/\/bautsrl.com\/wp-content\/uploads\/2024\/05\/artefinalbautrgb.png","contentUrl":"https:\/\/bautsrl.com\/wp-content\/uploads\/2024\/05\/artefinalbautrgb.png","width":8192,"height":5301,"caption":"BAUT S.R.L."},"image":{"@id":"https:\/\/bautsrl.com\/#\/schema\/logo\/image\/"},"sameAs":["https:\/\/www.facebook.com\/bautsrl","https:\/\/www.instagram.com\/baut_srl\/"]}]}},"_links":{"self":[{"href":"https:\/\/bautsrl.com\/es\/wp-json\/wp\/v2\/pages\/16","targetHints":{"allow":["GET"]}}],"collection":[{"href":"https:\/\/bautsrl.com\/es\/wp-json\/wp\/v2\/pages"}],"about":[{"href":"https:\/\/bautsrl.com\/es\/wp-json\/wp\/v2\/types\/page"}],"author":[{"embeddable":true,"href":"https:\/\/bautsrl.com\/es\/wp-json\/wp\/v2\/users\/1"}],"replies":[{"embeddable":true,"href":"https:\/\/bautsrl.com\/es\/wp-json\/wp\/v2\/comments?post=16"}],"version-history":[{"count":11,"href":"https:\/\/bautsrl.com\/es\/wp-json\/wp\/v2\/pages\/16\/revisions"}],"predecessor-version":[{"id":1377,"href":"https:\/\/bautsrl.com\/es\/wp-json\/wp\/v2\/pages\/16\/revisions\/1377"}],"wp:attachment":[{"href":"https:\/\/bautsrl.com\/es\/wp-json\/wp\/v2\/media?parent=16"}],"curies":[{"name":"wp","href":"https:\/\/api.w.org\/{rel}","templated":true}]}}