{"id":19,"date":"2024-05-07T14:18:18","date_gmt":"2024-05-07T14:18:18","guid":{"rendered":"https:\/\/bautsrl.com\/?page_id=19"},"modified":"2024-07-13T18:00:41","modified_gmt":"2024-07-13T18:00:41","slug":"redes","status":"publish","type":"page","link":"https:\/\/bautsrl.com\/es\/redes\/","title":{"rendered":"Redes Industriales"},"content":{"rendered":"\t\t<div data-elementor-type=\"wp-page\" data-elementor-id=\"19\" class=\"elementor elementor-19\" data-elementor-post-type=\"page\">\n\t\t\t\t<div class=\"elementor-element elementor-element-4e5747eb e-flex e-con-boxed e-con e-parent\" data-id=\"4e5747eb\" data-element_type=\"container\" data-e-type=\"container\" data-settings=\"{&quot;background_background&quot;:&quot;classic&quot;}\">\n\t\t\t\t\t<div class=\"e-con-inner\">\n\t\t\t\t<div class=\"elementor-element elementor-element-6018714b elementor-widget elementor-widget-heading\" data-id=\"6018714b\" data-element_type=\"widget\" data-e-type=\"widget\" data-widget_type=\"heading.default\">\n\t\t\t\t<div class=\"elementor-widget-container\">\n\t\t\t\t\t<h1 class=\"elementor-heading-title elementor-size-default\">Productos: Redes Industriales<\/h1>\t\t\t\t<\/div>\n\t\t\t\t<\/div>\n\t\t\t\t<div class=\"elementor-element elementor-element-4e056c0 elementor-icon-list--layout-inline elementor-align-start elementor-list-item-link-full_width elementor-widget elementor-widget-icon-list\" data-id=\"4e056c0\" data-element_type=\"widget\" data-e-type=\"widget\" data-widget_type=\"icon-list.default\">\n\t\t\t\t<div class=\"elementor-widget-container\">\n\t\t\t\t\t\t\t<ul class=\"elementor-icon-list-items elementor-inline-items\">\n\t\t\t\t\t\t\t<li class=\"elementor-icon-list-item elementor-inline-item\">\n\t\t\t\t\t\t\t\t\t\t\t<a href=\"https:\/\/bautsrl.com\/es\">\n\n\t\t\t\t\t\t\t\t\t\t\t<span class=\"elementor-icon-list-text\">BAUT<\/span>\n\t\t\t\t\t\t\t\t\t\t\t<\/a>\n\t\t\t\t\t\t\t\t\t<\/li>\n\t\t\t\t\t\t\t\t<li class=\"elementor-icon-list-item elementor-inline-item\">\n\t\t\t\t\t\t\t\t\t\t\t<a href=\"https:\/\/bautsrl.com\/productos\/\">\n\n\t\t\t\t\t\t\t\t\t\t\t<span class=\"elementor-icon-list-text\">\/ Productos<\/span>\n\t\t\t\t\t\t\t\t\t\t\t<\/a>\n\t\t\t\t\t\t\t\t\t<\/li>\n\t\t\t\t\t\t\t\t<li class=\"elementor-icon-list-item elementor-inline-item\">\n\t\t\t\t\t\t\t\t\t\t\t<a href=\"https:\/\/bautsrl.com\/es\/redes\/\">\n\n\t\t\t\t\t\t\t\t\t\t\t<span class=\"elementor-icon-list-text\">\/ Redes<\/span>\n\t\t\t\t\t\t\t\t\t\t\t<\/a>\n\t\t\t\t\t\t\t\t\t<\/li>\n\t\t\t\t\t\t<\/ul>\n\t\t\t\t\t\t<\/div>\n\t\t\t\t<\/div>\n\t\t\t\t\t<\/div>\n\t\t\t\t<\/div>\n\t\t<div class=\"elementor-element elementor-element-6774028f e-flex e-con-boxed e-con e-parent\" data-id=\"6774028f\" data-element_type=\"container\" data-e-type=\"container\">\n\t\t\t\t\t<div class=\"e-con-inner\">\n\t\t\t\t<div class=\"elementor-element elementor-element-7e54b962 elementor-widget elementor-widget-heading\" data-id=\"7e54b962\" data-element_type=\"widget\" data-e-type=\"widget\" data-widget_type=\"heading.default\">\n\t\t\t\t<div class=\"elementor-widget-container\">\n\t\t\t\t\t<h2 class=\"elementor-heading-title elementor-size-default\">Redes Industriales<\/h2>\t\t\t\t<\/div>\n\t\t\t\t<\/div>\n\t\t\t\t<div class=\"elementor-element elementor-element-2b49213a elementor-widget elementor-widget-text-editor\" data-id=\"2b49213a\" data-element_type=\"widget\" data-e-type=\"widget\" data-widget_type=\"text-editor.default\">\n\t\t\t\t<div class=\"elementor-widget-container\">\n\t\t\t\t\t\t\t\t\t<p>Disponer en forma remota de informaci\u00f3n en tiempo real brinda ventajas claves para la correcta toma y ejecuci\u00f3n de decisiones. Proveemos materiales para las redes industriales m\u00e1s utilizadas. Ofrecemos componentes para redes de datos homog\u00e9neas y de alta confiabilidad que responden a m\u00faltiples necesidades de comunicaci\u00f3n.<\/p>\t\t\t\t\t\t\t\t<\/div>\n\t\t\t\t<\/div>\n\t\t\t\t\t<\/div>\n\t\t\t\t<\/div>\n\t\t<div class=\"elementor-element elementor-element-5e8e1ab3 e-flex e-con-boxed e-con e-parent\" data-id=\"5e8e1ab3\" data-element_type=\"container\" data-e-type=\"container\">\n\t\t\t\t\t<div class=\"e-con-inner\">\n\t\t<div class=\"elementor-element elementor-element-10d34566 e-con-full e-flex e-con e-child\" data-id=\"10d34566\" data-element_type=\"container\" data-e-type=\"container\">\n\t\t\t\t<div class=\"elementor-element elementor-element-2b8772a3 elementor-position-top elementor-widget elementor-widget-image-box\" data-id=\"2b8772a3\" data-element_type=\"widget\" data-e-type=\"widget\" data-widget_type=\"image-box.default\">\n\t\t\t\t<div class=\"elementor-widget-container\">\n\t\t\t\t\t<div class=\"elementor-image-box-wrapper\"><figure class=\"elementor-image-box-img\"><img fetchpriority=\"high\" decoding=\"async\" width=\"680\" height=\"547\" src=\"https:\/\/bautsrl.com\/wp-content\/uploads\/2024\/07\/wireless.png\" class=\"attachment-full size-full wp-image-1130\" alt=\"\" srcset=\"https:\/\/bautsrl.com\/wp-content\/uploads\/2024\/07\/wireless.png 680w, https:\/\/bautsrl.com\/wp-content\/uploads\/2024\/07\/wireless-300x241.png 300w, https:\/\/bautsrl.com\/wp-content\/uploads\/2024\/07\/wireless-15x12.png 15w\" sizes=\"(max-width: 680px) 100vw, 680px\" \/><\/figure><div class=\"elementor-image-box-content\"><h3 class=\"elementor-image-box-title\">Redes inal\u00e1mbricas<\/h3><p class=\"elementor-image-box-description\"><p>Acces point's, controladores, m\u00f3dulos cliente, routers\n\n<p>Antenas, cables radiantes, modems, transmisi\u00f3n GSM\n<p>\nTelecontrol, teleservice y redes remotas<\/p><\/div><\/div>\t\t\t\t<\/div>\n\t\t\t\t<\/div>\n\t\t\t\t<\/div>\n\t\t<div class=\"elementor-element elementor-element-2f33d606 e-con-full e-flex e-con e-child\" data-id=\"2f33d606\" data-element_type=\"container\" data-e-type=\"container\">\n\t\t\t\t<div class=\"elementor-element elementor-element-151c308b elementor-position-top elementor-widget elementor-widget-image-box\" data-id=\"151c308b\" data-element_type=\"widget\" data-e-type=\"widget\" data-widget_type=\"image-box.default\">\n\t\t\t\t<div class=\"elementor-widget-container\">\n\t\t\t\t\t<div class=\"elementor-image-box-wrapper\"><figure class=\"elementor-image-box-img\"><img decoding=\"async\" width=\"680\" height=\"547\" src=\"https:\/\/bautsrl.com\/wp-content\/uploads\/2024\/07\/redes-de-campo.png\" class=\"attachment-full size-full wp-image-1131\" alt=\"\" srcset=\"https:\/\/bautsrl.com\/wp-content\/uploads\/2024\/07\/redes-de-campo.png 680w, https:\/\/bautsrl.com\/wp-content\/uploads\/2024\/07\/redes-de-campo-300x241.png 300w, https:\/\/bautsrl.com\/wp-content\/uploads\/2024\/07\/redes-de-campo-15x12.png 15w\" sizes=\"(max-width: 680px) 100vw, 680px\" \/><\/figure><div class=\"elementor-image-box-content\"><h3 class=\"elementor-image-box-title\">Redes de campo<\/h3><p class=\"elementor-image-box-description\"><p>AS-I, Profibus DP, Profibus PA, FieldBus, Hart\n\n<p>Enlaces, routers, placas de comunicaci\u00f3n, repetidores, puentes, diagn\u00f3stico\n\n<p>Conectores, cables, fuentes, terminadores, accesorios y componentes de red<\/p><\/div><\/div>\t\t\t\t<\/div>\n\t\t\t\t<\/div>\n\t\t\t\t<\/div>\n\t\t<div class=\"elementor-element elementor-element-430a286a e-con-full e-flex e-con e-child\" data-id=\"430a286a\" data-element_type=\"container\" data-e-type=\"container\">\n\t\t\t\t<div class=\"elementor-element elementor-element-43ae8457 elementor-position-top elementor-widget elementor-widget-image-box\" data-id=\"43ae8457\" data-element_type=\"widget\" data-e-type=\"widget\" data-widget_type=\"image-box.default\">\n\t\t\t\t<div class=\"elementor-widget-container\">\n\t\t\t\t\t<div class=\"elementor-image-box-wrapper\"><figure class=\"elementor-image-box-img\"><img decoding=\"async\" width=\"680\" height=\"547\" src=\"https:\/\/bautsrl.com\/wp-content\/uploads\/2024\/07\/redes-admin.png\" class=\"attachment-2048x2048 size-2048x2048 wp-image-1132\" alt=\"\" srcset=\"https:\/\/bautsrl.com\/wp-content\/uploads\/2024\/07\/redes-admin.png 680w, https:\/\/bautsrl.com\/wp-content\/uploads\/2024\/07\/redes-admin-300x241.png 300w, https:\/\/bautsrl.com\/wp-content\/uploads\/2024\/07\/redes-admin-15x12.png 15w\" sizes=\"(max-width: 680px) 100vw, 680px\" \/><\/figure><div class=\"elementor-image-box-content\"><h3 class=\"elementor-image-box-title\">Redes administrativas<\/h3><p class=\"elementor-image-box-description\"><p>DeviceNet, Ethernet industrial, Profinet\n\n<p>Routers, repetidores, enlaces, placas de comunicaci\u00f3n\n\n<p>Fuentes, conectores, cables, accesorios y componentes de red<\/p><\/div><\/div>\t\t\t\t<\/div>\n\t\t\t\t<\/div>\n\t\t\t\t<\/div>\n\t\t\t\t\t<\/div>\n\t\t\t\t<\/div>\n\t\t<div class=\"elementor-element elementor-element-20dd922e e-con-full e-flex e-con e-parent\" data-id=\"20dd922e\" data-element_type=\"container\" data-e-type=\"container\">\n\t\t\t\t<div class=\"elementor-element elementor-element-729471ef elementor-widget elementor-widget-template\" data-id=\"729471ef\" data-element_type=\"widget\" data-e-type=\"widget\" data-widget_type=\"template.default\">\n\t\t\t\t<div class=\"elementor-widget-container\">\n\t\t\t\t\t\t\t<div class=\"elementor-template\">\n\t\t\t\t\t<div data-elementor-type=\"page\" data-elementor-id=\"775\" class=\"elementor elementor-775\" data-elementor-post-type=\"elementor_library\">\n\t\t\t\t<div class=\"elementor-element elementor-element-a0930a5 e-con-full e-flex e-con e-parent\" data-id=\"a0930a5\" data-element_type=\"container\" data-e-type=\"container\">\n\t\t<div class=\"elementor-element elementor-element-a9637d7 e-con-full e-flex e-con e-child\" data-id=\"a9637d7\" data-element_type=\"container\" data-e-type=\"container\" data-settings=\"{&quot;background_background&quot;:&quot;classic&quot;}\">\n\t\t\t\t<div class=\"elementor-element elementor-element-7872cd9 elementor-align-center elementor-widget elementor-widget-button\" data-id=\"7872cd9\" data-element_type=\"widget\" data-e-type=\"widget\" data-widget_type=\"button.default\">\n\t\t\t\t<div class=\"elementor-widget-container\">\n\t\t\t\t\t\t\t\t\t<div class=\"elementor-button-wrapper\">\n\t\t\t\t\t<a class=\"elementor-button elementor-button-link elementor-size-sm\" href=\"https:\/\/bautsrl.com\/contacto\/\">\n\t\t\t\t\t\t<span class=\"elementor-button-content-wrapper\">\n\t\t\t\t\t\t\t\t\t<span class=\"elementor-button-text\">\u00a1Solicite su cotizaci\u00f3n ahora!<\/span>\n\t\t\t\t\t<\/span>\n\t\t\t\t\t<\/a>\n\t\t\t\t<\/div>\n\t\t\t\t\t\t\t\t<\/div>\n\t\t\t\t<\/div>\n\t\t\t\t<div class=\"elementor-element elementor-element-b69e6c5 elementor-align-center elementor-widget elementor-widget-button\" data-id=\"b69e6c5\" data-element_type=\"widget\" data-e-type=\"widget\" data-widget_type=\"button.default\">\n\t\t\t\t<div class=\"elementor-widget-container\">\n\t\t\t\t\t\t\t\t\t<div class=\"elementor-button-wrapper\">\n\t\t\t\t\t<a class=\"elementor-button elementor-button-link elementor-size-sm\" href=\"https:\/\/bautsrl.com\/productos\/\">\n\t\t\t\t\t\t<span class=\"elementor-button-content-wrapper\">\n\t\t\t\t\t\t\t\t\t<span class=\"elementor-button-text\">Volver a productos<\/span>\n\t\t\t\t\t<\/span>\n\t\t\t\t\t<\/a>\n\t\t\t\t<\/div>\n\t\t\t\t\t\t\t\t<\/div>\n\t\t\t\t<\/div>\n\t\t\t\t<\/div>\n\t\t\t\t<\/div>\n\t\t\t\t<\/div>\n\t\t\t\t<\/div>\n\t\t\t\t\t\t<\/div>\n\t\t\t\t<\/div>\n\t\t\t\t<\/div>\n\t\t\t\t<\/div>\n\t\t","protected":false},"excerpt":{"rendered":"<p>BAUT \/ Productos \/ Redes Redes Industriales Disponer en forma remota de informaci\u00f3n en tiempo real brinda ventajas claves para la correcta toma y ejecuci\u00f3n de decisiones. Proveemos materiales para las redes industriales m\u00e1s utilizadas. Ofrecemos componentes para redes de datos homog\u00e9neas y de alta confiabilidad que responden a m\u00faltiples necesidades de comunicaci\u00f3n. Redes inal\u00e1mbricas [&hellip;]<\/p>\n","protected":false},"author":1,"featured_media":0,"parent":0,"menu_order":0,"comment_status":"closed","ping_status":"closed","template":"elementor_header_footer","meta":{"footnotes":""},"class_list":["post-19","page","type-page","status-publish","hentry"],"yoast_head":"<!-- This site is optimized with the Yoast SEO plugin v27.2 - https:\/\/yoast.com\/product\/yoast-seo-wordpress\/ -->\n<title>Redes Industriales - Baut Building + Automation<\/title>\n<meta name=\"robots\" content=\"index, follow, max-snippet:-1, max-image-preview:large, max-video-preview:-1\" \/>\n<link rel=\"canonical\" href=\"https:\/\/bautsrl.com\/es\/redes\/\" \/>\n<meta property=\"og:locale\" content=\"es_ES\" \/>\n<meta property=\"og:type\" content=\"article\" \/>\n<meta property=\"og:title\" content=\"Redes Industriales - Baut Building + Automation\" \/>\n<meta property=\"og:description\" content=\"BAUT \/ Productos \/ Redes Redes Industriales Disponer en forma remota de informaci\u00f3n en tiempo real brinda ventajas claves para la correcta toma y ejecuci\u00f3n de decisiones. Proveemos materiales para las redes industriales m\u00e1s utilizadas. Ofrecemos componentes para redes de datos homog\u00e9neas y de alta confiabilidad que responden a m\u00faltiples necesidades de comunicaci\u00f3n. Redes inal\u00e1mbricas [&hellip;]\" \/>\n<meta property=\"og:url\" content=\"https:\/\/bautsrl.com\/es\/redes\/\" \/>\n<meta property=\"og:site_name\" content=\"Baut Building + Automation\" \/>\n<meta property=\"article:publisher\" content=\"https:\/\/www.facebook.com\/bautsrl\" \/>\n<meta property=\"article:modified_time\" content=\"2024-07-13T18:00:41+00:00\" \/>\n<meta property=\"og:image\" content=\"https:\/\/bautsrl.com\/wp-content\/uploads\/2024\/07\/wireless.png\" \/>\n<meta name=\"twitter:card\" content=\"summary_large_image\" \/>\n<meta name=\"twitter:label1\" content=\"Tiempo de lectura\" \/>\n\t<meta name=\"twitter:data1\" content=\"1 minuto\" \/>\n<script type=\"application\/ld+json\" class=\"yoast-schema-graph\">{\"@context\":\"https:\/\/schema.org\",\"@graph\":[{\"@type\":\"WebPage\",\"@id\":\"https:\/\/bautsrl.com\/redes\/\",\"url\":\"https:\/\/bautsrl.com\/redes\/\",\"name\":\"Redes Industriales - Baut Building + Automation\",\"isPartOf\":{\"@id\":\"https:\/\/bautsrl.com\/#website\"},\"primaryImageOfPage\":{\"@id\":\"https:\/\/bautsrl.com\/redes\/#primaryimage\"},\"image\":{\"@id\":\"https:\/\/bautsrl.com\/redes\/#primaryimage\"},\"thumbnailUrl\":\"https:\/\/bautsrl.com\/wp-content\/uploads\/2024\/07\/wireless.png\",\"datePublished\":\"2024-05-07T14:18:18+00:00\",\"dateModified\":\"2024-07-13T18:00:41+00:00\",\"breadcrumb\":{\"@id\":\"https:\/\/bautsrl.com\/redes\/#breadcrumb\"},\"inLanguage\":\"es\",\"potentialAction\":[{\"@type\":\"ReadAction\",\"target\":[\"https:\/\/bautsrl.com\/redes\/\"]}]},{\"@type\":\"ImageObject\",\"inLanguage\":\"es\",\"@id\":\"https:\/\/bautsrl.com\/redes\/#primaryimage\",\"url\":\"https:\/\/bautsrl.com\/wp-content\/uploads\/2024\/07\/wireless.png\",\"contentUrl\":\"https:\/\/bautsrl.com\/wp-content\/uploads\/2024\/07\/wireless.png\"},{\"@type\":\"BreadcrumbList\",\"@id\":\"https:\/\/bautsrl.com\/redes\/#breadcrumb\",\"itemListElement\":[{\"@type\":\"ListItem\",\"position\":1,\"name\":\"Portada\",\"item\":\"https:\/\/bautsrl.com\/es\/\"},{\"@type\":\"ListItem\",\"position\":2,\"name\":\"Redes Industriales\"}]},{\"@type\":\"WebSite\",\"@id\":\"https:\/\/bautsrl.com\/#website\",\"url\":\"https:\/\/bautsrl.com\/\",\"name\":\"Baut\",\"description\":\"Building &amp; Automation\",\"publisher\":{\"@id\":\"https:\/\/bautsrl.com\/#organization\"},\"potentialAction\":[{\"@type\":\"SearchAction\",\"target\":{\"@type\":\"EntryPoint\",\"urlTemplate\":\"https:\/\/bautsrl.com\/?s={search_term_string}\"},\"query-input\":{\"@type\":\"PropertyValueSpecification\",\"valueRequired\":true,\"valueName\":\"search_term_string\"}}],\"inLanguage\":\"es\"},{\"@type\":\"Organization\",\"@id\":\"https:\/\/bautsrl.com\/#organization\",\"name\":\"BAUT S.R.L.\",\"url\":\"https:\/\/bautsrl.com\/\",\"logo\":{\"@type\":\"ImageObject\",\"inLanguage\":\"es\",\"@id\":\"https:\/\/bautsrl.com\/#\/schema\/logo\/image\/\",\"url\":\"https:\/\/bautsrl.com\/wp-content\/uploads\/2024\/05\/artefinalbautrgb.png\",\"contentUrl\":\"https:\/\/bautsrl.com\/wp-content\/uploads\/2024\/05\/artefinalbautrgb.png\",\"width\":8192,\"height\":5301,\"caption\":\"BAUT S.R.L.\"},\"image\":{\"@id\":\"https:\/\/bautsrl.com\/#\/schema\/logo\/image\/\"},\"sameAs\":[\"https:\/\/www.facebook.com\/bautsrl\",\"https:\/\/www.instagram.com\/baut_srl\/\"]}]}<\/script>\n<!-- \/ Yoast SEO plugin. -->","yoast_head_json":{"title":"Redes Industriales - Baut Building + Automation","robots":{"index":"index","follow":"follow","max-snippet":"max-snippet:-1","max-image-preview":"max-image-preview:large","max-video-preview":"max-video-preview:-1"},"canonical":"https:\/\/bautsrl.com\/es\/redes\/","og_locale":"es_ES","og_type":"article","og_title":"Redes Industriales - Baut Building + Automation","og_description":"BAUT \/ Productos \/ Redes Redes Industriales Disponer en forma remota de informaci\u00f3n en tiempo real brinda ventajas claves para la correcta toma y ejecuci\u00f3n de decisiones. Proveemos materiales para las redes industriales m\u00e1s utilizadas. Ofrecemos componentes para redes de datos homog\u00e9neas y de alta confiabilidad que responden a m\u00faltiples necesidades de comunicaci\u00f3n. Redes inal\u00e1mbricas [&hellip;]","og_url":"https:\/\/bautsrl.com\/es\/redes\/","og_site_name":"Baut Building + Automation","article_publisher":"https:\/\/www.facebook.com\/bautsrl","article_modified_time":"2024-07-13T18:00:41+00:00","og_image":[{"url":"https:\/\/bautsrl.com\/wp-content\/uploads\/2024\/07\/wireless.png","type":"","width":"","height":""}],"twitter_card":"summary_large_image","twitter_misc":{"Tiempo de lectura":"1 minuto"},"schema":{"@context":"https:\/\/schema.org","@graph":[{"@type":"WebPage","@id":"https:\/\/bautsrl.com\/redes\/","url":"https:\/\/bautsrl.com\/redes\/","name":"Redes Industriales - Baut Building + Automation","isPartOf":{"@id":"https:\/\/bautsrl.com\/#website"},"primaryImageOfPage":{"@id":"https:\/\/bautsrl.com\/redes\/#primaryimage"},"image":{"@id":"https:\/\/bautsrl.com\/redes\/#primaryimage"},"thumbnailUrl":"https:\/\/bautsrl.com\/wp-content\/uploads\/2024\/07\/wireless.png","datePublished":"2024-05-07T14:18:18+00:00","dateModified":"2024-07-13T18:00:41+00:00","breadcrumb":{"@id":"https:\/\/bautsrl.com\/redes\/#breadcrumb"},"inLanguage":"es","potentialAction":[{"@type":"ReadAction","target":["https:\/\/bautsrl.com\/redes\/"]}]},{"@type":"ImageObject","inLanguage":"es","@id":"https:\/\/bautsrl.com\/redes\/#primaryimage","url":"https:\/\/bautsrl.com\/wp-content\/uploads\/2024\/07\/wireless.png","contentUrl":"https:\/\/bautsrl.com\/wp-content\/uploads\/2024\/07\/wireless.png"},{"@type":"BreadcrumbList","@id":"https:\/\/bautsrl.com\/redes\/#breadcrumb","itemListElement":[{"@type":"ListItem","position":1,"name":"Portada","item":"https:\/\/bautsrl.com\/es\/"},{"@type":"ListItem","position":2,"name":"Redes Industriales"}]},{"@type":"WebSite","@id":"https:\/\/bautsrl.com\/#website","url":"https:\/\/bautsrl.com\/","name":"Baut","description":"Building &amp; Automation","publisher":{"@id":"https:\/\/bautsrl.com\/#organization"},"potentialAction":[{"@type":"SearchAction","target":{"@type":"EntryPoint","urlTemplate":"https:\/\/bautsrl.com\/?s={search_term_string}"},"query-input":{"@type":"PropertyValueSpecification","valueRequired":true,"valueName":"search_term_string"}}],"inLanguage":"es"},{"@type":"Organization","@id":"https:\/\/bautsrl.com\/#organization","name":"BAUT S.R.L.","url":"https:\/\/bautsrl.com\/","logo":{"@type":"ImageObject","inLanguage":"es","@id":"https:\/\/bautsrl.com\/#\/schema\/logo\/image\/","url":"https:\/\/bautsrl.com\/wp-content\/uploads\/2024\/05\/artefinalbautrgb.png","contentUrl":"https:\/\/bautsrl.com\/wp-content\/uploads\/2024\/05\/artefinalbautrgb.png","width":8192,"height":5301,"caption":"BAUT S.R.L."},"image":{"@id":"https:\/\/bautsrl.com\/#\/schema\/logo\/image\/"},"sameAs":["https:\/\/www.facebook.com\/bautsrl","https:\/\/www.instagram.com\/baut_srl\/"]}]}},"_links":{"self":[{"href":"https:\/\/bautsrl.com\/es\/wp-json\/wp\/v2\/pages\/19","targetHints":{"allow":["GET"]}}],"collection":[{"href":"https:\/\/bautsrl.com\/es\/wp-json\/wp\/v2\/pages"}],"about":[{"href":"https:\/\/bautsrl.com\/es\/wp-json\/wp\/v2\/types\/page"}],"author":[{"embeddable":true,"href":"https:\/\/bautsrl.com\/es\/wp-json\/wp\/v2\/users\/1"}],"replies":[{"embeddable":true,"href":"https:\/\/bautsrl.com\/es\/wp-json\/wp\/v2\/comments?post=19"}],"version-history":[{"count":17,"href":"https:\/\/bautsrl.com\/es\/wp-json\/wp\/v2\/pages\/19\/revisions"}],"predecessor-version":[{"id":1161,"href":"https:\/\/bautsrl.com\/es\/wp-json\/wp\/v2\/pages\/19\/revisions\/1161"}],"wp:attachment":[{"href":"https:\/\/bautsrl.com\/es\/wp-json\/wp\/v2\/media?parent=19"}],"curies":[{"name":"wp","href":"https:\/\/api.w.org\/{rel}","templated":true}]}}